{"id":56807,"date":"2023-03-06T15:00:54","date_gmt":"2023-03-06T15:00:54","guid":{"rendered":"https:\/\/blog.medel.com\/?page_id=56807"},"modified":"2023-03-06T15:00:54","modified_gmt":"2023-03-06T15:00:54","slug":"yasal-uyari","status":"publish","type":"page","link":"https:\/\/blog.medel.com\/tr\/yasal-uyari\/","title":{"rendered":"Yasal Uyar\u0131"},"content":{"rendered":"<header id=\"mk-header-1\" class=\"mk-header header-style-2 header-align-left  toolbar-true menu-hover-2 sticky-style-fixed mk-background-stretch boxed-header a-sticky\" role=\"banner\" data-height=\"100\" data-sticky-height=\"44\" data-responsive-height=\"41\" data-transparent-skin=\"\" data-header-style=\"2\" data-sticky-style=\"fixed\" data-sticky-offset=\"header\">\n<section id=\"mk-page-introduce\" class=\"intro-left\">\n<div class=\"mk-grid\">\n<h1 class=\"page-title \">Yasal Uyar\u0131<\/h1>\n<\/div>\n<\/section>\n<\/header>\n<div id=\"theme-page\" class=\"master-holder  clearfix\">\n<div class=\"mk-main-wrapper-holder\">\n<div id=\"mk-page-id-22420\" class=\"theme-page-wrapper mk-main-wrapper mk-grid full-layout false\">\n<div class=\"theme-content false\">\n<p>\u0130\u00e7erikten Sorumlu<\/p>\n<p>MED\u2212EL Elektromedizinische Ger\u00e4te Gesellschaft m.b.H.<br \/>\nF\u00fcrstenweg 77a<br \/>\n6020 Innsbruck<br \/>\nAvusturya<\/p>\n<p>Tel.: 43-512-288-889<br \/>\noffice@blog.medel.com<\/p>\n<p>Kay\u0131t No FN 48608h<br \/>\nVergi No ATU 31722507<\/p>\n<p>Genel M\u00fcd\u00fcr<br \/>\n\u00dcni.Do\u00e7. Dr. Ingeborg Hochmair<\/p>\n<p><a name=\"terms\"><\/a><br \/>\nMED-EL Sosyal Medya Yar\u0131\u015fmalar\u0131 i\u00e7in \u015eartlar ve Ko\u015fullar<\/p>\n<ol>\n<li>Bu yar\u0131\u015fma hi\u00e7bir \u015fekilde Facebook taraf\u0131ndan desteklenmez, onaylanmaz veya y\u00f6netilmez veya Facebook ile ili\u015fkilendirilmez. Bilgilerinizi Facebook\u2019a de\u011fil MED-EL\u2019e veriyorsunuz.<\/li>\n<li>Nas\u0131l kat\u0131laca\u011f\u0131n\u0131z ve yar\u0131\u015fmalar\u0131m\u0131z\u0131n t\u00fcm detaylar\u0131 sosyal medya yar\u0131\u015fma iletisinde verilecektir. Kat\u0131l\u0131mc\u0131lar, MED-EL uluslararas\u0131 sosyal medyada d\u00fczenlenen herhangi bir sosyal medya yar\u0131\u015fmas\u0131na veya kampanyaya girerek, MED-EL taraf\u0131ndan ana hatlar\u0131yla belirtilen bu \u015fartlar\u0131 kabul ederler.<\/li>\n<li>Giri\u015f sadece 18 ya\u015f ve \u00fcst\u00fc ki\u015filere a\u00e7\u0131kt\u0131r.<\/li>\n<li>Kurallar Anla\u015fmas\u0131: Yar\u0131\u015fmaya kat\u0131larak (\u201csiz\u201d) bu kurallara tamamen ko\u015fulsuz olarak ba\u011fl\u0131 olmay\u0131 kabul etmi\u015f olursunuz ve uygunluk \u015fartlar\u0131n\u0131 kar\u015f\u0131lad\u0131\u011f\u0131n\u0131z\u0131 beyan ve garanti edersiniz. Ayr\u0131ca, MED-EL\u2019in bu yar\u0131\u015fma i\u00e7eri\u011fi ile ilgili kararlar\u0131n\u0131 nihai ve ba\u011flay\u0131c\u0131 olarak kabul etmeyi kabul edersiniz.<\/li>\n<li>Eksik veya kurallara veya spesifikasyonlara uymayan kay\u0131tlar, tamamen MED-EL\u2019in takdirine ba\u011fl\u0131 olarak diskalifiye edilebilir.<\/li>\n<li>Kat\u0131l\u0131mlar yar\u0131\u015fma detaylar\u0131nda belirtilen tarihe kadar sunulmal\u0131d\u0131r. Bu yar\u0131\u015fmadan sonra ilgili yar\u0131\u015fma listesinde belirtilen kat\u0131l\u0131mlar uygun olmayacakt\u0131r.<\/li>\n<li>Yar\u0131\u015fma y\u00f6nergelerine ba\u011fl\u0131 olarak, kazananlar ya rastgele se\u00e7ilecek ya da \u00f6zg\u00fcnl\u00fck, yarat\u0131c\u0131l\u0131k, hayal g\u00fcc\u00fc, yenilik\u00e7ilik ya da Innsbruck\u2019taki MED-EL genel merkezindeki bir ekip taraf\u0131ndan de\u011ferlendirilen di\u011fer kriterlere dayanarak se\u00e7ilecektir.<\/li>\n<li>Giri\u015finizi g\u00f6ndererek, MED-EL\u2019in giri\u015finizi yeniden yay\u0131nlama y\u00fck\u00fcml\u00fcl\u00fc\u011f\u00fc olmad\u0131\u011f\u0131n\u0131 anlar ve kabul edersiniz.<\/li>\n<li>Girmek veya kazanmak i\u00e7in herhangi bir sat\u0131n alma i\u015flemi gerekmez. Bir sat\u0131n alma kazanma \u015fans\u0131n\u0131 art\u0131rmaz.<\/li>\n<li>Bir birey istedi\u011fi kadar girebilir, ancak bu kazanma \u015fans\u0131n\u0131 otomatik olarak art\u0131rmaz. MED-EL, spam olarak s\u0131n\u0131fland\u0131rabilece\u011fi t\u00fcm girdileri silme hakk\u0131na sahiptir.<\/li>\n<li>Herhangi bir i\u00e7erik g\u00f6ndererek, MED-EL\u2019in, MED-EL ad\u0131na hareket eden herkesin ve MED-EL lisanslar\u0131, halefleri ve atamalar\u0131n\u0131n, yasalar\u0131n izin verdi\u011fi hallerde; kat\u0131l\u0131m\u0131n\u0131z, ad\u0131n\u0131z, yar\u0131\u015fma hakk\u0131ndaki ifadeleriniz ve biyografik bilgilerinizin; haberler, reklam, bilgi, ticaret, reklamc\u0131l\u0131k, halkla ili\u015fkiler ve tan\u0131t\u0131m amac\u0131yla, herhangi bir tazminat, bildirim, inceleme veya ayr\u0131ca r\u0131za al\u0131nmas\u0131 gerekmeden, \u015fu anda bilinen ya da gelecekte geli\u015ftirilecek her t\u00fcrl\u00fc mecrada bas\u0131m, yay\u0131mlama, yay\u0131nlama ve da\u011f\u0131t\u0131m hakk\u0131na daimi olarak ve t\u00fcm d\u00fcnyada, s\u0131n\u0131rlama olmaks\u0131z\u0131n sahip oldu\u011funu anlar ve kabul edersiniz.<\/li>\n<li>Kat\u0131l\u0131mc\u0131lar, yar\u0131\u015fmaya g\u00f6nderilen kay\u0131tlar\u0131n kendileri taraf\u0131ndan yarat\u0131lan orijinal eserleri oldu\u011funu garanti eder.<\/li>\n<li>Kazananlar, kazanan\u0131n se\u00e7ilmesinden sonraki bir hafta i\u00e7inde Facebook\u2019ta \u00f6zel mesajla bilgilendirilir. MED-EL\u2019in kazanan\u0131n spam, \u00f6nemsiz e-posta veya di\u011fer g\u00fcvenlik ayarlar\u0131 nedeni ile bildirim alamamas\u0131 veya kazanan\u0131n yanl\u0131\u015f veya ba\u015fka \u015fekilde \u00e7al\u0131\u015fmayan ileti\u015fim bilgileri sunmas\u0131 nedeni ile hi\u00e7bir sorumlulu\u011fu yoktur. Kazanan ile ileti\u015fime ge\u00e7ilemez ise, uygun de\u011fil ise, \u00f6d\u00fcl bildiriminin g\u00f6nderildi\u011fi tarihten itibaren 7 g\u00fcn i\u00e7inde \u00f6d\u00fcl\u00fc talep edemez ise veya tamamlanm\u0131\u015f ve y\u00fcr\u00fct\u00fclen bir bildirimi ve gerekti\u011finde serbest b\u0131rakmay\u0131 zaman\u0131nda iade edemez ise, \u00f6d\u00fcl kaybedilebilir ve alternatif bir kazanan se\u00e7ilebilir.<\/li>\n<li>MED-EL\u2019in karar\u0131 kesindir ve hi\u00e7bir yaz\u0131\u015fma yap\u0131lmayacakt\u0131r. \u00d6d\u00fcl nakit, kredi veya hizmet ile de\u011fi\u015ftirilemez ve hi\u00e7bir de\u011fi\u015fim ileti\u015fimine girilmez. Ger\u00e7ek \/ de\u011fer bi\u00e7ilen de\u011fer, \u00f6d\u00fcl verildi\u011fi s\u0131rada farkl\u0131l\u0131k g\u00f6sterebilir.<\/li>\n<li>Yar\u0131\u015fma y\u00fcr\u00fcrl\u00fckteki t\u00fcm federal, eyalet ve yerel yasa ve d\u00fczenlemelere tabidir. Yasak olan yerlerde ge\u00e7ersizdir. Bu resmi kurallar\u0131n MED-EL\u2019in kendi takdirine ba\u011fl\u0131 olarak kazanan taraf\u0131ndan herhangi bir \u015fekilde ihlal edilmesi, kazanan\u0131n yar\u0131\u015fma kazanan\u0131 olarak diskalifiye edilmesine neden olur ve kazanan olarak t\u00fcm ayr\u0131cal\u0131klar derhal feshedilir. Baz\u0131 \u00fcr\u00fcnler onaylanm\u0131yorsa veya o ki\u015finin \u00fclkesinde mevcut de\u011filse baz\u0131 giri\u015fler kazanamaz.<\/li>\n<li>Yar\u0131\u015fmaya kat\u0131larak kat\u0131l\u0131mc\u0131lar bu h\u00fck\u00fcm ve ko\u015fullara ba\u011fl\u0131 kalmay\u0131 ve MED-EL karar\u0131n\u0131n bu yar\u0131\u015fma ile ilgili t\u00fcm konularda nihai ve ba\u011flay\u0131c\u0131 oldu\u011funu kabul ederler.<\/li>\n<li>T\u00fcm ba\u015fvurular, , kat\u0131l\u0131mc\u0131 taraf\u0131ndan iletildi\u011fi zamanda DE\u011e\u0130L; MED-EL taraf\u0131ndan teslim al\u0131nd\u0131\u011f\u0131 s\u0131rada kabul edilmi\u015f olarak kabul edilir. MED-EL kay\u0131tlar\u0131 al\u0131nd\u0131\u011f\u0131 tarihe g\u00f6re kesindir. Ge\u00e7, kaybolmu\u015f, \u00e7al\u0131nm\u0131\u015f, yanl\u0131\u015f y\u00f6nlendirilmi\u015f, yasad\u0131\u015f\u0131, eksik, okunaks\u0131z, hasar g\u00f6rm\u00fc\u015f, \u00e7o\u011falt\u0131lm\u0131\u015f veya de\u011fi\u015ftirilmi\u015f ba\u015fvurular ge\u00e7ersizdir. MED-EL, bu t\u00fcr g\u00f6nderimlerden veya herhangi bir hata, teknik ar\u0131za, kay\u0131p, ihmal, ileti\u015fim gecikmesi veya ar\u0131zas\u0131ndan sorumlu de\u011fildir.<\/li>\n<li>MED-EL, bu \u015fartlar\u0131 de\u011fi\u015ftirme veya \u00f6nceden haber vermeksizin herhangi bir zamanda rekabeti de\u011fi\u015ftirme, ask\u0131ya alma, sonland\u0131rma veya iptal etme hakk\u0131n\u0131 sakl\u0131 tutar.<\/li>\n<li>\u00d6d\u00fcller renk, boyut ve stil dahil olmak \u00fczere \u00e7e\u015fitli a\u00e7\u0131lardan farkl\u0131l\u0131k g\u00f6sterebilir. MED-EL, sunulan \u00f6d\u00fcl\u00fc de\u011fi\u015ftirme hakk\u0131n\u0131 sakl\u0131 tutar.<\/li>\n<li>Baz\u0131 yar\u0131\u015fmalar belirli \u00fclkelere \u00f6zel oldu\u011fundan bu yar\u0131\u015fmalara kat\u0131l\u0131m m\u00fcmk\u00fcn olmayabilir. MED-EL, \u00f6d\u00fcllerin sadece ge\u00e7erli \u00fclkelerden gelen kat\u0131l\u0131mlar\u0131 sunulmas\u0131n\u0131 sa\u011flamak i\u00e7in en iyisini yapacakt\u0131r, ancak bunun ger\u00e7ekle\u015fmemesi durumunda MED-EL\u2019in hi\u00e7bir sorumlulu\u011fu yoktur.<\/li>\n<li>Sorumluluk S\u0131n\u0131rlamas\u0131: Yar\u0131\u015fmaya kat\u0131larak, MED-EL ve i\u015ftiraklerini, ba\u011fl\u0131 kurulu\u015flar\u0131n\u0131, reklam ve tan\u0131t\u0131m ajanslar\u0131n\u0131, ortaklar\u0131n\u0131, temsilcilerini, ajanslar\u0131, haleflerini, \u00e7al\u0131\u015fanlar\u0131n\u0131, g\u00f6revlilerini ve y\u00f6neticilerini; (i) ki\u015finin yar\u0131\u015fmaya kat\u0131l\u0131m\u0131 ve\/veya herhangi bir \u00f6d\u00fcl\u00fc kabul\u00fc, bulundurmas\u0131, kullanmas\u0131 veya k\u00f6t\u00fcye kullanmas\u0131; (ii) bilgisayar, kablo, a\u011f, donan\u0131m veya yaz\u0131l\u0131m veya di\u011fer mekanik ekipmanlar\u0131n ar\u0131zalanmas\u0131 dahil ancak bunlarla s\u0131n\u0131rl\u0131 olmamak \u00fczere her t\u00fcrl\u00fc teknik ar\u0131za; (iii) ileti\u015fimlerin, telefonun veya \u0130nternet hizmetinin kullan\u0131lamamas\u0131 veya eri\u015filememesi; (iv) kat\u0131l\u0131m s\u00fcrecinin veya tan\u0131t\u0131m\u0131n herhangi bir k\u0131sm\u0131na yetkisiz insan m\u00fcdahalesi; (v) Tan\u0131t\u0131m\u0131n uygulanmas\u0131nda veya giri\u015flerin i\u015flenmesinde elektronik veya insan hatas\u0131ndan dolay\u0131, ihmalden kaynaklanan veya ihmal nedeniyle do\u011frudan veya dolayl\u0131 olarak meydana gelebilecek herhangi bir sorumluluk, hastal\u0131k, yaralanma, \u00f6l\u00fcm, kay\u0131p, dava, hak talebi veya zarardan sorumlu tutmamay\u0131 kabul etmi\u015f olur.<\/li>\n<\/ol>\n<\/div>\n<\/div>\n<\/div>\n<\/div>\n","protected":false},"excerpt":{"rendered":"<p>Yasal Uyar\u0131 \u0130\u00e7erikten Sorumlu MED\u2212EL Elektromedizinische Ger\u00e4te Gesellschaft m.b.H. F\u00fcrstenweg 77a 6020 Innsbruck Avusturya Tel.: 43-512-288-889 office@blog.medel.com Kay\u0131t No FN 48608h Vergi No ATU 31722507 Genel M\u00fcd\u00fcr \u00dcni.Do\u00e7. Dr. Ingeborg Hochmair MED-EL Sosyal Medya Yar\u0131\u015fmalar\u0131 i\u00e7in \u015eartlar ve Ko\u015fullar Bu yar\u0131\u015fma hi\u00e7bir \u015fekilde Facebook taraf\u0131ndan desteklenmez, onaylanmaz veya y\u00f6netilmez veya Facebook ile ili\u015fkilendirilmez. Bilgilerinizi Facebook\u2019a [&hellip;]<\/p>\n","protected":false},"author":1,"featured_media":0,"parent":0,"menu_order":0,"comment_status":"closed","ping_status":"closed","template":"templates\/page-template.php","meta":{"footnotes":""},"class_list":["post-56807","page","type-page","status-publish","hentry"],"yoast_head":"<!-- This site is optimized with the Yoast SEO plugin v27.4 - https:\/\/yoast.com\/product\/yoast-seo-wordpress\/ -->\n<title>Yasal Uyar\u0131 - The MED-EL Blog<\/title>\n<meta name=\"robots\" content=\"index, follow, max-snippet:-1, max-image-preview:large, max-video-preview:-1\" \/>\n<link rel=\"canonical\" href=\"https:\/\/blog.medel.com\/legal-notice\/\" \/>\n<meta property=\"og:locale\" content=\"tr_TR\" \/>\n<meta property=\"og:type\" content=\"article\" \/>\n<meta property=\"og:title\" content=\"Yasal Uyar\u0131 - The MED-EL Blog\" \/>\n<meta property=\"og:description\" content=\"Yasal Uyar\u0131 \u0130\u00e7erikten Sorumlu MED\u2212EL Elektromedizinische Ger\u00e4te Gesellschaft m.b.H. F\u00fcrstenweg 77a 6020 Innsbruck Avusturya Tel.: 43-512-288-889 office@blog.medel.com Kay\u0131t No FN 48608h Vergi No ATU 31722507 Genel M\u00fcd\u00fcr \u00dcni.Do\u00e7. Dr. Ingeborg Hochmair MED-EL Sosyal Medya Yar\u0131\u015fmalar\u0131 i\u00e7in \u015eartlar ve Ko\u015fullar Bu yar\u0131\u015fma hi\u00e7bir \u015fekilde Facebook taraf\u0131ndan desteklenmez, onaylanmaz veya y\u00f6netilmez veya Facebook ile ili\u015fkilendirilmez. Bilgilerinizi Facebook\u2019a [&hellip;]\" \/>\n<meta property=\"og:url\" content=\"https:\/\/blog.medel.com\/legal-notice\/\" \/>\n<meta property=\"og:site_name\" content=\"The MED-EL Blog\" \/>\n<meta property=\"og:image\" content=\"https:\/\/blog.medel.com\/wp-content\/uploads\/2023\/02\/MED-EL_logo_L2.png\" \/>\n\t<meta property=\"og:image:width\" content=\"443\" \/>\n\t<meta property=\"og:image:height\" content=\"200\" \/>\n\t<meta property=\"og:image:type\" content=\"image\/png\" \/>\n<meta name=\"twitter:card\" content=\"summary_large_image\" \/>\n<meta name=\"twitter:label1\" content=\"Tahmini okuma s\u00fcresi\" \/>\n\t<meta name=\"twitter:data1\" content=\"4 dakika\" \/>\n<script type=\"application\/ld+json\" class=\"yoast-schema-graph\">{\"@context\":\"https:\\\/\\\/schema.org\",\"@graph\":[{\"@type\":\"WebPage\",\"@id\":\"https:\\\/\\\/blog.medel.com\\\/legal-notice\\\/\",\"url\":\"https:\\\/\\\/blog.medel.com\\\/legal-notice\\\/\",\"name\":\"Yasal Uyar\u0131 - The MED-EL Blog\",\"isPartOf\":{\"@id\":\"https:\\\/\\\/blog.medel.com\\\/de\\\/#website\"},\"datePublished\":\"2023-03-06T15:00:54+00:00\",\"breadcrumb\":{\"@id\":\"https:\\\/\\\/blog.medel.com\\\/legal-notice\\\/#breadcrumb\"},\"inLanguage\":\"tr\",\"potentialAction\":[{\"@type\":\"ReadAction\",\"target\":[\"https:\\\/\\\/blog.medel.com\\\/legal-notice\\\/\"]}]},{\"@type\":\"BreadcrumbList\",\"@id\":\"https:\\\/\\\/blog.medel.com\\\/legal-notice\\\/#breadcrumb\",\"itemListElement\":[{\"@type\":\"ListItem\",\"position\":1,\"name\":\"Home\",\"item\":\"https:\\\/\\\/blog.medel.com\\\/tr\\\/\"},{\"@type\":\"ListItem\",\"position\":2,\"name\":\"Yasal Uyar\u0131\"}]},{\"@type\":\"WebSite\",\"@id\":\"https:\\\/\\\/blog.medel.com\\\/de\\\/#website\",\"url\":\"https:\\\/\\\/blog.medel.com\\\/de\\\/\",\"name\":\"The MED-EL Blog\",\"description\":\"\",\"publisher\":{\"@id\":\"https:\\\/\\\/blog.medel.com\\\/de\\\/#organization\"},\"potentialAction\":[{\"@type\":\"SearchAction\",\"target\":{\"@type\":\"EntryPoint\",\"urlTemplate\":\"https:\\\/\\\/blog.medel.com\\\/de\\\/?s={search_term_string}\"},\"query-input\":{\"@type\":\"PropertyValueSpecification\",\"valueRequired\":true,\"valueName\":\"search_term_string\"}}],\"inLanguage\":\"tr\"},{\"@type\":\"Organization\",\"@id\":\"https:\\\/\\\/blog.medel.com\\\/de\\\/#organization\",\"name\":\"The MED-EL Blog\",\"url\":\"https:\\\/\\\/blog.medel.com\\\/de\\\/\",\"logo\":{\"@type\":\"ImageObject\",\"inLanguage\":\"tr\",\"@id\":\"https:\\\/\\\/blog.medel.com\\\/de\\\/#\\\/schema\\\/logo\\\/image\\\/\",\"url\":\"https:\\\/\\\/blog.medel.com\\\/wp-content\\\/uploads\\\/2023\\\/02\\\/MED-EL_logo_L2.png\",\"contentUrl\":\"https:\\\/\\\/blog.medel.com\\\/wp-content\\\/uploads\\\/2023\\\/02\\\/MED-EL_logo_L2.png\",\"width\":443,\"height\":200,\"caption\":\"The MED-EL Blog\"},\"image\":{\"@id\":\"https:\\\/\\\/blog.medel.com\\\/de\\\/#\\\/schema\\\/logo\\\/image\\\/\"}}]}<\/script>\n<!-- \/ Yoast SEO plugin. -->","yoast_head_json":{"title":"Yasal Uyar\u0131 - The MED-EL Blog","robots":{"index":"index","follow":"follow","max-snippet":"max-snippet:-1","max-image-preview":"max-image-preview:large","max-video-preview":"max-video-preview:-1"},"canonical":"https:\/\/blog.medel.com\/legal-notice\/","og_locale":"tr_TR","og_type":"article","og_title":"Yasal Uyar\u0131 - The MED-EL Blog","og_description":"Yasal Uyar\u0131 \u0130\u00e7erikten Sorumlu MED\u2212EL Elektromedizinische Ger\u00e4te Gesellschaft m.b.H. F\u00fcrstenweg 77a 6020 Innsbruck Avusturya Tel.: 43-512-288-889 office@blog.medel.com Kay\u0131t No FN 48608h Vergi No ATU 31722507 Genel M\u00fcd\u00fcr \u00dcni.Do\u00e7. Dr. Ingeborg Hochmair MED-EL Sosyal Medya Yar\u0131\u015fmalar\u0131 i\u00e7in \u015eartlar ve Ko\u015fullar Bu yar\u0131\u015fma hi\u00e7bir \u015fekilde Facebook taraf\u0131ndan desteklenmez, onaylanmaz veya y\u00f6netilmez veya Facebook ile ili\u015fkilendirilmez. Bilgilerinizi Facebook\u2019a [&hellip;]","og_url":"https:\/\/blog.medel.com\/legal-notice\/","og_site_name":"The MED-EL Blog","og_image":[{"width":443,"height":200,"url":"https:\/\/blog.medel.com\/wp-content\/uploads\/2023\/02\/MED-EL_logo_L2.png","type":"image\/png"}],"twitter_card":"summary_large_image","twitter_misc":{"Tahmini okuma s\u00fcresi":"4 dakika"},"schema":{"@context":"https:\/\/schema.org","@graph":[{"@type":"WebPage","@id":"https:\/\/blog.medel.com\/legal-notice\/","url":"https:\/\/blog.medel.com\/legal-notice\/","name":"Yasal Uyar\u0131 - The MED-EL Blog","isPartOf":{"@id":"https:\/\/blog.medel.com\/de\/#website"},"datePublished":"2023-03-06T15:00:54+00:00","breadcrumb":{"@id":"https:\/\/blog.medel.com\/legal-notice\/#breadcrumb"},"inLanguage":"tr","potentialAction":[{"@type":"ReadAction","target":["https:\/\/blog.medel.com\/legal-notice\/"]}]},{"@type":"BreadcrumbList","@id":"https:\/\/blog.medel.com\/legal-notice\/#breadcrumb","itemListElement":[{"@type":"ListItem","position":1,"name":"Home","item":"https:\/\/blog.medel.com\/tr\/"},{"@type":"ListItem","position":2,"name":"Yasal Uyar\u0131"}]},{"@type":"WebSite","@id":"https:\/\/blog.medel.com\/de\/#website","url":"https:\/\/blog.medel.com\/de\/","name":"The MED-EL Blog","description":"","publisher":{"@id":"https:\/\/blog.medel.com\/de\/#organization"},"potentialAction":[{"@type":"SearchAction","target":{"@type":"EntryPoint","urlTemplate":"https:\/\/blog.medel.com\/de\/?s={search_term_string}"},"query-input":{"@type":"PropertyValueSpecification","valueRequired":true,"valueName":"search_term_string"}}],"inLanguage":"tr"},{"@type":"Organization","@id":"https:\/\/blog.medel.com\/de\/#organization","name":"The MED-EL Blog","url":"https:\/\/blog.medel.com\/de\/","logo":{"@type":"ImageObject","inLanguage":"tr","@id":"https:\/\/blog.medel.com\/de\/#\/schema\/logo\/image\/","url":"https:\/\/blog.medel.com\/wp-content\/uploads\/2023\/02\/MED-EL_logo_L2.png","contentUrl":"https:\/\/blog.medel.com\/wp-content\/uploads\/2023\/02\/MED-EL_logo_L2.png","width":443,"height":200,"caption":"The MED-EL Blog"},"image":{"@id":"https:\/\/blog.medel.com\/de\/#\/schema\/logo\/image\/"}}]}},"_links":{"self":[{"href":"https:\/\/blog.medel.com\/tr\/wp-json\/wp\/v2\/pages\/56807","targetHints":{"allow":["GET"]}}],"collection":[{"href":"https:\/\/blog.medel.com\/tr\/wp-json\/wp\/v2\/pages"}],"about":[{"href":"https:\/\/blog.medel.com\/tr\/wp-json\/wp\/v2\/types\/page"}],"author":[{"embeddable":true,"href":"https:\/\/blog.medel.com\/tr\/wp-json\/wp\/v2\/users\/1"}],"replies":[{"embeddable":true,"href":"https:\/\/blog.medel.com\/tr\/wp-json\/wp\/v2\/comments?post=56807"}],"version-history":[{"count":1,"href":"https:\/\/blog.medel.com\/tr\/wp-json\/wp\/v2\/pages\/56807\/revisions"}],"predecessor-version":[{"id":56808,"href":"https:\/\/blog.medel.com\/tr\/wp-json\/wp\/v2\/pages\/56807\/revisions\/56808"}],"wp:attachment":[{"href":"https:\/\/blog.medel.com\/tr\/wp-json\/wp\/v2\/media?parent=56807"}],"curies":[{"name":"wp","href":"https:\/\/api.w.org\/{rel}","templated":true}]}}