{"id":77773,"date":"2023-08-11T16:11:17","date_gmt":"2023-08-11T14:11:17","guid":{"rendered":"https:\/\/blog.medel.com\/?page_id=77773"},"modified":"2023-08-11T16:40:23","modified_gmt":"2023-08-11T14:40:23","slug":"termos-e-condicoes","status":"publish","type":"page","link":"https:\/\/blog.medel.com\/pt-br\/termos-e-condicoes\/","title":{"rendered":"Termos e Condi\u00e7\u00f5es"},"content":{"rendered":"<h2>Termos e Condi\u00e7\u00f5es para Campanhas de M\u00eddia Social da MED-EL<\/h2>\n<ol>\n<li>Esta Campanha n\u00e3o \u00e9 de forma alguma patrocinada, endossada ou administrada por, ou associada ao Facebook, Instagram, Twitter, Youtube ou qualquer outra rede de m\u00eddia social. Voc\u00ea est\u00e1 fornecendo suas informa\u00e7\u00f5es para a MED-EL e n\u00e3o para o Facebook, Instagram ou qualquer outra rede de m\u00eddia social.<\/li>\n<li>As informa\u00e7\u00f5es sobre como participar e todos os detalhes de nossas Campanhas ser\u00e3o fornecidas na postagem relevante da Campanha na m\u00eddia social. Ao entrar em qualquer Campanha de m\u00eddia social hospedada na m\u00eddia social da MED-EL do Brasil, os participantes aceitam estes termos conforme descritos pela MED-EL.<\/li>\n<li>A entrada \u00e9 aberta apenas para maiores de 18 anos.<\/li>\n<li>Concord\u00e2ncia com as regras: ao participar, o participante (\u201cvoc\u00ea\u201d) concorda em estar totalmente vinculado incondicionalmente a essas regras, e voc\u00ea declara e garante que atende aos requisitos de elegibilidade. Al\u00e9m disso, voc\u00ea concorda em aceitar as decis\u00f5es da MED-EL como finais e obrigat\u00f3rias no que se refere ao conte\u00fado desta Campanha.<\/li>\n<li>Inscri\u00e7\u00f5es incompletas ou que n\u00e3o cumpram as regras ou especifica\u00e7\u00f5es podem ser desqualificadas a crit\u00e9rio exclusivo da MED-EL.<\/li>\n<li>As inscri\u00e7\u00f5es devem ser enviadas at\u00e9 a data listada nos detalhes da Campanha. As inscri\u00e7\u00f5es enviadas ap\u00f3s esse hor\u00e1rio listado no post relevante da Campanha ser\u00e3o ineleg\u00edveis.<\/li>\n<li>Dependendo das diretrizes da Campanha, os vencedores ser\u00e3o escolhidos aleatoriamente ou com base na demonstra\u00e7\u00e3o de originalidade, criatividade, imagina\u00e7\u00e3o, inova\u00e7\u00e3o ou outros crit\u00e9rios julgados por uma equipe na sede da MED-EL do Brasil em S\u00e3o Paulo.<\/li>\n<li>Ao enviar sua inscri\u00e7\u00e3o, voc\u00ea entende e concorda que a MED-EL n\u00e3o tem obriga\u00e7\u00e3o de republicar sua inscri\u00e7\u00e3o.<\/li>\n<li>Nenhuma compra \u00e9 necess\u00e1ria para se inscrever ou ganhar. Uma compra n\u00e3o aumenta as chances de ganhar.<\/li>\n<li>Um indiv\u00edduo pode participar quantas vezes quiser, mas isso n\u00e3o aumentar\u00e1 automaticamente suas chances de ganhar. A MED-EL tem o direito de excluir qualquer inscri\u00e7\u00e3o que possa classificar como spam.<\/li>\n<li>Os participantes garantem que as inscri\u00e7\u00f5es enviadas para a Campanha s\u00e3o seus trabalhos originais ou que possuem todos os direitos autorais sobre eles. Eles concedem \u00e0 MED-EL o direito simples, temporal e espacialmente ilimitado, mas n\u00e3o exclusivo, de usar o conte\u00fado enviado (imagens, v\u00eddeos, cita\u00e7\u00f5es,\u2026):\n<ul>\n<li>o direito de salvar o conte\u00fado em um servidor hospedado pela MED-EL<\/li>\n<li>o direito de disponibilizar o conte\u00fado ao p\u00fablico, no todo ou em parte, atrav\u00e9s do Facebook e outros canais de m\u00eddia social da MED-EL (por exemplo, Instagram, Twitter,\u2026)<\/li>\n<li>o direito de usar o conte\u00fado para promover produtos MED-EL<\/li>\n<li>o direito de editar o conte\u00fado, pelo que o original n\u00e3o deve ser alienado<\/li>\n<\/ul>\n<\/li>\n<li>Os vencedores ser\u00e3o notificados por mensagem privada na rede social em que est\u00e1 sendo realizada a Campanha no prazo de uma semana ap\u00f3s a sele\u00e7\u00e3o do vencedor. A MED-EL n\u00e3o ter\u00e1 nenhuma responsabilidade pela falha do vencedor em receber avisos devido a spam, lixo eletr\u00f4nico ou outras configura\u00e7\u00f5es de seguran\u00e7a ou pelo fornecimento pelo vencedor de informa\u00e7\u00f5es de contato incorretas ou n\u00e3o funcionais. Se o vencedor n\u00e3o puder ser contatado, for ineleg\u00edvel, n\u00e3o reivindicar o pr\u00eamio dentro de sete dias a partir do envio da notifica\u00e7\u00e3o do pr\u00eamio ou n\u00e3o devolver em tempo h\u00e1bil uma declara\u00e7\u00e3o preenchida e assinada e liber\u00e1-la conforme exigido, o pr\u00eamio poder\u00e1 ser perdido e um substituto vencedor selecionado. Os vencedores concordam que seu nome ser\u00e1 publicado no medel.com ou no canal de m\u00eddia social da MED-EL na postagem relacionada \u00e0 Campanha.<\/li>\n<li>A decis\u00e3o da MED-EL \u00e9 final e nenhuma correspond\u00eancia ser\u00e1 aceita. O pr\u00eamio n\u00e3o pode ser trocado por dinheiro, cr\u00e9dito ou servi\u00e7o e nenhuma comunica\u00e7\u00e3o de troca ser\u00e1 feita. O valor real\/avaliado pode diferir no momento da premia\u00e7\u00e3o.<\/li>\n<li>A Campanha est\u00e1 sujeita a todas as leis e regulamentos federais, estaduais e locais aplic\u00e1veis. Inv\u00e1lido onde proibido. Qualquer viola\u00e7\u00e3o dessas regras oficiais pelo vencedor, a crit\u00e9rio exclusivo da MED-EL, resultar\u00e1 na desqualifica\u00e7\u00e3o do participante como vencedor da Campanha e todos os privil\u00e9gios como vencedor ser\u00e3o imediatamente encerrados. Algumas inscri\u00e7\u00f5es podem ser exclu\u00eddas da vit\u00f3ria se determinados produtos n\u00e3o forem aprovados ou n\u00e3o estiverem dispon\u00edveis no pa\u00eds dessa pessoa.<\/li>\n<li>Ao entrar na Campanha, os participantes concordam em estar vinculados a estes termos e condi\u00e7\u00f5es e que a decis\u00e3o da MED-EL \u00e9 final e obrigat\u00f3ria em todos os assuntos relacionados a esta Campanha.<\/li>\n<li>Todas as inscri\u00e7\u00f5es s\u00e3o consideradas recebidas no momento do recebimento pela MED-EL e N\u00c3O no momento da transmiss\u00e3o pelo participante. Os registros da MED-EL s\u00e3o conclusivos quanto \u00e0 hora do recebimento. Envios atrasados, perdidos, roubados, mal direcionados, ilegais, incompletos, ileg\u00edveis, danificados, reproduzidos ou alterados s\u00e3o inv\u00e1lidos. A MED-EL n\u00e3o \u00e9 respons\u00e1vel por tais envios nem por qualquer erro, mau funcionamento t\u00e9cnico, perda, omiss\u00e3o, atraso ou falha nas comunica\u00e7\u00f5es.<\/li>\n<li>A MED-EL reserva-se o direito de alterar estes termos ou modificar, suspender, encerrar ou cancelar a Campanha a qualquer momento sem aviso pr\u00e9vio.<\/li>\n<li>Os pr\u00eamios podem diferir em v\u00e1rios aspectos, incluindo cor, tamanho e estilo. A MED-EL reserva-se o direito de alterar o pr\u00eamio oferecido.<\/li>\n<li>Algumas Campanhas podem ser limitadas a pa\u00edses espec\u00edficos, tornando algumas inscri\u00e7\u00f5es ineleg\u00edveis para ganhar. A MED-EL far\u00e1 o poss\u00edvel para garantir que os pr\u00eamios sejam oferecidos apenas para inscri\u00e7\u00f5es de pa\u00edses v\u00e1lidos, mas caso isso n\u00e3o aconte\u00e7a, a MED-EL n\u00e3o se responsabiliza.<\/li>\n<li>Limita\u00e7\u00e3o de responsabilidade: Ao entrar, voc\u00ea concorda em isentar a MED-EL e suas subsidi\u00e1rias, afiliadas, ag\u00eancias de publicidade e promo\u00e7\u00e3o, parceiros, representantes, agentes, sucessores, cession\u00e1rios, funcion\u00e1rios, executivos e diretores de qualquer responsabilidade, doen\u00e7a, les\u00e3o, morte, perda, lit\u00edgio, reivindica\u00e7\u00e3o ou dano que possa ocorrer, direta ou indiretamente, causado por neglig\u00eancia ou n\u00e3o, de:<br \/>\n(i) a participa\u00e7\u00e3o de tal participante na Campanha e\/ou sua aceita\u00e7\u00e3o, posse, uso ou uso indevido de qualquer pr\u00eamio ou parte dele;<br \/>\n(ii) falhas t\u00e9cnicas de qualquer tipo, incluindo, mas n\u00e3o se limitando, ao mau funcionamento de qualquer computador, cabo, rede, hardware ou software ou outro equipamento mec\u00e2nico;<br \/>\n(iii) a indisponibilidade ou inacessibilidade de qualquer transmiss\u00e3o, telefone ou servi\u00e7o de Internet;<br \/>\n(iv) interven\u00e7\u00e3o humana n\u00e3o autorizada em qualquer parte do processo de inscri\u00e7\u00e3o ou da Campanha;<br \/>\n(v) erro eletr\u00f4nico ou humano na administra\u00e7\u00e3o da Campanha ou no processamento das inscri\u00e7\u00f5es.<\/li>\n<li>Para revisar nossa Pol\u00edtica de Privacidade, <a href=\"https:\/\/www.medel.com\/privacy-policy\" target=\"_blank\" rel=\"noopener\">clique aqui<\/a>. Esta pol\u00edtica descreve como a MED-EL coletar\u00e1 informa\u00e7\u00f5es sobre voc\u00ea, como essas informa\u00e7\u00f5es ser\u00e3o protegidas, como ser\u00e3o compartilhadas e protegidas e certos direitos que voc\u00ea tem com rela\u00e7\u00e3o \u00e0s suas informa\u00e7\u00f5es.<\/li>\n<\/ol>\n<p><a name=\"medel_UK\"><\/a><\/p>\n","protected":false},"excerpt":{"rendered":"<p>Termos e Condi\u00e7\u00f5es para Campanhas de M\u00eddia Social da MED-EL Brasil<\/p>\n","protected":false},"author":25,"featured_media":0,"parent":0,"menu_order":0,"comment_status":"closed","ping_status":"closed","template":"templates\/page-template.php","meta":{"footnotes":""},"class_list":["post-77773","page","type-page","status-publish","hentry"],"yoast_head":"<!-- This site is optimized with the Yoast SEO plugin v27.3 - https:\/\/yoast.com\/product\/yoast-seo-wordpress\/ -->\n<title>Termos e Condi\u00e7\u00f5es<\/title>\n<meta name=\"description\" content=\"Termos e Condi\u00e7\u00f5es para Campanhas de M\u00eddia Social da MED-EL Brasil\" \/>\n<meta name=\"robots\" content=\"index, follow, max-snippet:-1, max-image-preview:large, max-video-preview:-1\" \/>\n<link rel=\"canonical\" href=\"https:\/\/blog.medel.com\/pt-br\/termos-e-condicoes\/\" \/>\n<meta property=\"og:locale\" content=\"pt_BR\" \/>\n<meta property=\"og:type\" content=\"article\" \/>\n<meta property=\"og:title\" content=\"Termos e Condi\u00e7\u00f5es\" \/>\n<meta property=\"og:description\" content=\"Termos e Condi\u00e7\u00f5es para Campanhas de M\u00eddia Social da MED-EL Brasil\" \/>\n<meta property=\"og:url\" content=\"https:\/\/blog.medel.com\/pt-br\/termos-e-condicoes\/\" \/>\n<meta property=\"og:site_name\" content=\"The MED-EL Blog\" \/>\n<meta property=\"article:modified_time\" content=\"2023-08-11T14:40:23+00:00\" \/>\n<meta property=\"og:image\" content=\"https:\/\/blog.medel.com\/wp-content\/uploads\/2023\/02\/MED-EL_logo_L2.png\" \/>\n\t<meta property=\"og:image:width\" content=\"443\" \/>\n\t<meta property=\"og:image:height\" content=\"200\" \/>\n\t<meta property=\"og:image:type\" content=\"image\/png\" \/>\n<meta name=\"twitter:card\" content=\"summary_large_image\" \/>\n<meta name=\"twitter:label1\" content=\"Est. tempo de leitura\" \/>\n\t<meta name=\"twitter:data1\" content=\"5 minutos\" \/>\n<script type=\"application\/ld+json\" class=\"yoast-schema-graph\">{\"@context\":\"https:\\\/\\\/schema.org\",\"@graph\":[{\"@type\":\"WebPage\",\"@id\":\"https:\\\/\\\/blog.medel.com\\\/pt-br\\\/termos-e-condicoes\\\/\",\"url\":\"https:\\\/\\\/blog.medel.com\\\/pt-br\\\/termos-e-condicoes\\\/\",\"name\":\"Termos e Condi\u00e7\u00f5es\",\"isPartOf\":{\"@id\":\"https:\\\/\\\/blog.medel.com\\\/#website\"},\"datePublished\":\"2023-08-11T14:11:17+00:00\",\"dateModified\":\"2023-08-11T14:40:23+00:00\",\"description\":\"Termos e Condi\u00e7\u00f5es para Campanhas de M\u00eddia Social da MED-EL Brasil\",\"breadcrumb\":{\"@id\":\"https:\\\/\\\/blog.medel.com\\\/pt-br\\\/termos-e-condicoes\\\/#breadcrumb\"},\"inLanguage\":\"pt-BR\",\"potentialAction\":[{\"@type\":\"ReadAction\",\"target\":[\"https:\\\/\\\/blog.medel.com\\\/pt-br\\\/termos-e-condicoes\\\/\"]}]},{\"@type\":\"BreadcrumbList\",\"@id\":\"https:\\\/\\\/blog.medel.com\\\/pt-br\\\/termos-e-condicoes\\\/#breadcrumb\",\"itemListElement\":[{\"@type\":\"ListItem\",\"position\":1,\"name\":\"Home\",\"item\":\"https:\\\/\\\/blog.medel.com\\\/pt-br\\\/\"},{\"@type\":\"ListItem\",\"position\":2,\"name\":\"Termos e Condi\u00e7\u00f5es\"}]},{\"@type\":\"WebSite\",\"@id\":\"https:\\\/\\\/blog.medel.com\\\/#website\",\"url\":\"https:\\\/\\\/blog.medel.com\\\/\",\"name\":\"The MED-EL Blog\",\"description\":\"\",\"publisher\":{\"@id\":\"https:\\\/\\\/blog.medel.com\\\/#organization\"},\"potentialAction\":[{\"@type\":\"SearchAction\",\"target\":{\"@type\":\"EntryPoint\",\"urlTemplate\":\"https:\\\/\\\/blog.medel.com\\\/?s={search_term_string}\"},\"query-input\":{\"@type\":\"PropertyValueSpecification\",\"valueRequired\":true,\"valueName\":\"search_term_string\"}}],\"inLanguage\":\"pt-BR\"},{\"@type\":\"Organization\",\"@id\":\"https:\\\/\\\/blog.medel.com\\\/#organization\",\"name\":\"The MED-EL Blog\",\"url\":\"https:\\\/\\\/blog.medel.com\\\/\",\"logo\":{\"@type\":\"ImageObject\",\"inLanguage\":\"pt-BR\",\"@id\":\"https:\\\/\\\/blog.medel.com\\\/#\\\/schema\\\/logo\\\/image\\\/\",\"url\":\"https:\\\/\\\/blog.medel.com\\\/wp-content\\\/uploads\\\/2023\\\/02\\\/MED-EL_logo_L2.png\",\"contentUrl\":\"https:\\\/\\\/blog.medel.com\\\/wp-content\\\/uploads\\\/2023\\\/02\\\/MED-EL_logo_L2.png\",\"width\":443,\"height\":200,\"caption\":\"The MED-EL Blog\"},\"image\":{\"@id\":\"https:\\\/\\\/blog.medel.com\\\/#\\\/schema\\\/logo\\\/image\\\/\"}}]}<\/script>\n<!-- \/ Yoast SEO plugin. -->","yoast_head_json":{"title":"Termos e Condi\u00e7\u00f5es","description":"Termos e Condi\u00e7\u00f5es para Campanhas de M\u00eddia Social da MED-EL Brasil","robots":{"index":"index","follow":"follow","max-snippet":"max-snippet:-1","max-image-preview":"max-image-preview:large","max-video-preview":"max-video-preview:-1"},"canonical":"https:\/\/blog.medel.com\/pt-br\/termos-e-condicoes\/","og_locale":"pt_BR","og_type":"article","og_title":"Termos e Condi\u00e7\u00f5es","og_description":"Termos e Condi\u00e7\u00f5es para Campanhas de M\u00eddia Social da MED-EL Brasil","og_url":"https:\/\/blog.medel.com\/pt-br\/termos-e-condicoes\/","og_site_name":"The MED-EL Blog","article_modified_time":"2023-08-11T14:40:23+00:00","og_image":[{"width":443,"height":200,"url":"https:\/\/blog.medel.com\/wp-content\/uploads\/2023\/02\/MED-EL_logo_L2.png","type":"image\/png"}],"twitter_card":"summary_large_image","twitter_misc":{"Est. tempo de leitura":"5 minutos"},"schema":{"@context":"https:\/\/schema.org","@graph":[{"@type":"WebPage","@id":"https:\/\/blog.medel.com\/pt-br\/termos-e-condicoes\/","url":"https:\/\/blog.medel.com\/pt-br\/termos-e-condicoes\/","name":"Termos e Condi\u00e7\u00f5es","isPartOf":{"@id":"https:\/\/blog.medel.com\/#website"},"datePublished":"2023-08-11T14:11:17+00:00","dateModified":"2023-08-11T14:40:23+00:00","description":"Termos e Condi\u00e7\u00f5es para Campanhas de M\u00eddia Social da MED-EL Brasil","breadcrumb":{"@id":"https:\/\/blog.medel.com\/pt-br\/termos-e-condicoes\/#breadcrumb"},"inLanguage":"pt-BR","potentialAction":[{"@type":"ReadAction","target":["https:\/\/blog.medel.com\/pt-br\/termos-e-condicoes\/"]}]},{"@type":"BreadcrumbList","@id":"https:\/\/blog.medel.com\/pt-br\/termos-e-condicoes\/#breadcrumb","itemListElement":[{"@type":"ListItem","position":1,"name":"Home","item":"https:\/\/blog.medel.com\/pt-br\/"},{"@type":"ListItem","position":2,"name":"Termos e Condi\u00e7\u00f5es"}]},{"@type":"WebSite","@id":"https:\/\/blog.medel.com\/#website","url":"https:\/\/blog.medel.com\/","name":"The MED-EL Blog","description":"","publisher":{"@id":"https:\/\/blog.medel.com\/#organization"},"potentialAction":[{"@type":"SearchAction","target":{"@type":"EntryPoint","urlTemplate":"https:\/\/blog.medel.com\/?s={search_term_string}"},"query-input":{"@type":"PropertyValueSpecification","valueRequired":true,"valueName":"search_term_string"}}],"inLanguage":"pt-BR"},{"@type":"Organization","@id":"https:\/\/blog.medel.com\/#organization","name":"The MED-EL Blog","url":"https:\/\/blog.medel.com\/","logo":{"@type":"ImageObject","inLanguage":"pt-BR","@id":"https:\/\/blog.medel.com\/#\/schema\/logo\/image\/","url":"https:\/\/blog.medel.com\/wp-content\/uploads\/2023\/02\/MED-EL_logo_L2.png","contentUrl":"https:\/\/blog.medel.com\/wp-content\/uploads\/2023\/02\/MED-EL_logo_L2.png","width":443,"height":200,"caption":"The MED-EL Blog"},"image":{"@id":"https:\/\/blog.medel.com\/#\/schema\/logo\/image\/"}}]}},"_links":{"self":[{"href":"https:\/\/blog.medel.com\/pt-br\/wp-json\/wp\/v2\/pages\/77773","targetHints":{"allow":["GET"]}}],"collection":[{"href":"https:\/\/blog.medel.com\/pt-br\/wp-json\/wp\/v2\/pages"}],"about":[{"href":"https:\/\/blog.medel.com\/pt-br\/wp-json\/wp\/v2\/types\/page"}],"author":[{"embeddable":true,"href":"https:\/\/blog.medel.com\/pt-br\/wp-json\/wp\/v2\/users\/25"}],"replies":[{"embeddable":true,"href":"https:\/\/blog.medel.com\/pt-br\/wp-json\/wp\/v2\/comments?post=77773"}],"version-history":[{"count":7,"href":"https:\/\/blog.medel.com\/pt-br\/wp-json\/wp\/v2\/pages\/77773\/revisions"}],"predecessor-version":[{"id":77780,"href":"https:\/\/blog.medel.com\/pt-br\/wp-json\/wp\/v2\/pages\/77773\/revisions\/77780"}],"wp:attachment":[{"href":"https:\/\/blog.medel.com\/pt-br\/wp-json\/wp\/v2\/media?parent=77773"}],"curies":[{"name":"wp","href":"https:\/\/api.w.org\/{rel}","templated":true}]}}