{"id":62297,"date":"2017-09-14T14:25:48","date_gmt":"2017-09-14T14:25:48","guid":{"rendered":"https:\/\/blog.medel.com\/politica-de-privacidade\/"},"modified":"2023-03-08T10:49:34","modified_gmt":"2023-03-08T10:49:34","slug":"politica-de-privacidade","status":"publish","type":"page","link":"https:\/\/blog.medel.com\/pt-br\/politica-de-privacidade\/","title":{"rendered":"Pol\u00edtica de Privacidade"},"content":{"rendered":"<p>Esta pol\u00edtica de privacidade define como a MED-EL utiliza e protege todas as informa\u00e7\u00f5es que voc\u00ea nos fornece ao utilizar o site.<\/p>\n<p>MED-EL est\u00e1 empenhada em garantir que sua privacidade seja protegida. MED-EL pede apenas informa\u00e7\u00f5es pessoais espec\u00edficas. Podemos pedir que voc\u00ea forne\u00e7a informa\u00e7\u00f5es que nos permitir\u00e1 processar a sua compra ou fornecer servi\u00e7os a voc\u00ea, melhorar a sua visita nos site, responder a pedidos de informa\u00e7\u00e3o, apoiar a rela\u00e7\u00e3o com nossos clientes, ajud\u00e1-lo com problemas de suporte t\u00e9cnico ou para acompanhamento.<br \/>\nDevemos pedir que voc\u00ea forne\u00e7a certas informa\u00e7\u00f5es que ir\u00e3o identific\u00e1-lo ao acessar este site, estas informa\u00e7\u00f5es ser\u00e3o utilizadas de acordo com a pol\u00edtica de privacidade.<\/p>\n<p>Voc\u00ea pode entrar em contato com a MED-EL a qualquer momento para com perguntas sobre a pol\u00edtica de privacidade ou preocupa\u00e7\u00f5es que possa ter. Voc\u00ea tamb\u00e9m pode solicitar a qualquer momento para ver seus dados pessoais fornecidos a n\u00f3s e pedir que sejam corrigidos ou exclu\u00eddos. N\u00f3s nos esfor\u00e7amos para proteger a seguran\u00e7a dos seus dados pessoais atrav\u00e9s do uso de medidas e procedimentos adequados.<\/p>\n<p>A MED-EL poder\u00e1 alterar essas informa\u00e7\u00f5es a qualquer momento atualizando esta p\u00e1gina. Voc\u00ea deve verificar esta p\u00e1gina periodicamente para garantir que esteja satisfeito com as mudan\u00e7as. Esta pol\u00edtica \u00e9 v\u00e1lida desde 19.03.2010.<\/p>\n<h1>O que n\u00f3s coletamos<\/h1>\n<p>N\u00f3s podemos coletar as seguintes informa\u00e7\u00f5es:<\/p>\n<ul>\n<li>nome<\/li>\n<li>informa\u00e7\u00f5es para contato incluindo endere\u00e7o de email<\/li>\n<li>informa\u00e7\u00f5es de localiza\u00e7\u00e3o, como CEP, prefer\u00eancias e interesses<\/li>\n<li>outras informa\u00e7\u00f5es relevantes para pesquisas com clientes<\/li>\n<\/ul>\n<p>&nbsp;<\/p>\n<h2>O que fazemos com as informa\u00e7\u00f5es que coletamos<\/h2>\n<p>Precisamos dessas informa\u00e7\u00f5es para entender suas necessidades e lhe proporcionar um melhor servi\u00e7o, especialmente, pelas seguintes raz\u00f5es:<\/p>\n<ul>\n<li>Registros Internos.<\/li>\n<li>Podemos usar as informa\u00e7\u00f5es para melhorar nossos produtos e servi\u00e7os.<\/li>\n<li>Podemos enviar periodicamente e-mails promocionais sobre novos produtos, ofertas especiais ou outras informa\u00e7\u00f5es que acreditamos que voc\u00ea possa achar interessante, usando o endere\u00e7o de e-mail que voc\u00ea nos forneceu. Se voc\u00ea n\u00e3o quiser mais receber e-mails da MED-EL,<a href=\"http:\/\/www.medel.com\/br\/show\/index\/id\/272\/title\/CONTACT\">entre em contato conosco<\/a><\/li>\n<li>\u00c0s vezes, n\u00f3s tamb\u00e9m poderemos usar suas informa\u00e7\u00f5es para contat\u00e1-lo para fins de pesquisa de mercado. Isto pode ocorrer por e-mail, telefone, fax ou correio. Tamb\u00e9m, poderemos usar as informa\u00e7\u00f5es para personalizar o site de acordo com seus interesses.<\/li>\n<\/ul>\n<p>&nbsp;<\/p>\n<h2>Seguran\u00e7a<\/h2>\n<p>Estamos comprometidos em garantir que sua informa\u00e7\u00e3o est\u00e1 completamente segura. A fim de evitar o acesso n\u00e3o autorizado ou divulga\u00e7\u00e3o, colocamos procedimentos f\u00edsicos, eletr\u00f4nicos e administrativos adequados para guardar e proteger as informa\u00e7\u00f5es que coletamos online.<\/p>\n<h2>Como utilizamos os cookies<\/h2>\n<p>Um cookie \u00e9 um pequeno arquivo que pede permiss\u00e3o para ser colocado no disco r\u00edgido do seu computador. Uma vez que voc\u00ea permitir, o arquivo \u00e9 adicionado e o cookie ajudar\u00e1 a analisar o tr\u00e1fego da web ou permitir\u00e1 que voc\u00ea saiba quando visitou um determinado site. Cookies permitem que aplica\u00e7\u00f5es web respondam a voc\u00ea como indiv\u00edduo. O aplicativo da Web pode adaptar opera\u00e7\u00f5es \u00e0s suas necessidades, interesses e desinteresses pelo recolhimento e registro de informa\u00e7\u00f5es sobre suas prefer\u00eancias.<\/p>\n<p>N\u00f3s usamos o tr\u00e1fego de loggin dos cookies para identificar quais p\u00e1ginas est\u00e3o sendo usadas. Isso nos ajuda a analisar os dados sobre o tr\u00e1fego na p\u00e1gina web e melhorar o nosso site a fim de adequ\u00e1-lo \u00e0s suas necessidades. N\u00f3s s\u00f3 usamos estas informa\u00e7\u00f5es para fins de an\u00e1lise estat\u00edstica. Os dados dever\u00e3o ser eliminados e exclu\u00eddos do sistema.<\/p>\n<p>Em geral, os cookies nos ajudam a lhe fornecer um site melhor, nos permitindo monitorar as p\u00e1ginas que voc\u00ea acha \u00fatil e as que n\u00e3o acha. Um cookie n\u00e3o nos d\u00e1 acesso ao seu computador ou qualquer informa\u00e7\u00e3o sobre voc\u00ea, com excep\u00e7\u00e3o dos dados que voc\u00ea escolher compartilhar conosco.<\/p>\n<p>Voc\u00ea pode optar por aceitar ou recusar os cookies. A maioria dos browsers os aceita automaticamente, mas voc\u00ea pode modificar o seu navegador para recusar cookies, se voc\u00ea preferir. Isto pode impedi-lo de utilizar o site ao m\u00e1ximo.<\/p>\n<h2>Links para outros sites<\/h2>\n<p>Nosso site pode conter links para outros sites de interesse. No entanto, depois de ter usado esses links para sair do nosso site, voc\u00ea deve notar que n\u00e3o temos controle sobre sites externos. Portanto, n\u00e3o podemos ser respons\u00e1veis pela prote\u00e7\u00e3o e privacidade de todas as informa\u00e7\u00f5es que voc\u00ea fornecer enquanto visitar tais sites, que n\u00e3o s\u00e3o regidos por esta declara\u00e7\u00e3o de privacidade. Voc\u00ea deve ter cuidado e verificar a declara\u00e7\u00e3o de privacidade aplic\u00e1vel ao site em quest\u00e3o.<\/p>\n<h2>Gerenciando suas informa\u00e7\u00f5es pessoais<\/h2>\n<p>N\u00f3s n\u00e3o iremos vender, distribuir ou alugar suas informa\u00e7\u00f5es pessoais para terceiros sem sua permiss\u00e3o ou uma lei que nos obrigue a faz\u00ea-la. Podemos usar suas informa\u00e7\u00f5es pessoais para lhe enviar informa\u00e7\u00f5es promocionais sobre terceiros, que acreditamos que voc\u00ea ache interessante, caso tenha nos dado o seu consentimento.<\/p>\n<p>Se voc\u00ea acredita que qualquer informa\u00e7\u00e3o que temos sobre voc\u00ea est\u00e1 incorreta ou incompleta, por favor escreva para marketing [at]medel.com\u00a0ou por e-mail o mais r\u00e1pido poss\u00edvel, no endere\u00e7o acima. Corregiremos o mais r\u00e1pido poss\u00edvel qualquer informa\u00e7\u00e3o considerada incorreta.<\/p>\n<h2>Google Analytics<\/h2>\n<p>Este site utiliza o Google Analytics, um servi\u00e7o anal\u00edtico da web fornecido pelo Google, Inc. (&#8220;Google&#8221;). O Google Analytics utiliza &#8220;cookies&#8221;, que s\u00e3o arquivos de texto colocados no seu computador, para ajudar o website a analisar a forma como os usu\u00e1rios usam o site. A informa\u00e7\u00e3o gerada pelo cookie sobre sua utiliza\u00e7\u00e3o do website (incluindo o seu endere\u00e7o de IP) ser\u00e1 transmitida para e armazenada nos servidores do Google nos Estados Unidos. O Google utilizar\u00e1 esta informa\u00e7\u00e3o com a finalidade de avaliar a sua utiliza\u00e7\u00e3o do website, compilando relat\u00f3rios sobre a atividade no website para operadores e fornecendo outros servi\u00e7os relativos \u00e0 essa atividade e utiliza\u00e7\u00e3o da Internet. O Google pode igualmente transferir esta informa\u00e7\u00e3o a terceiros, sempre que exigido por lei, ou caso tais terceiros processem a informa\u00e7\u00e3o em nome do Google. O Google n\u00e3o associar\u00e1 o seu endere\u00e7o IP com quaisquer outros dados mantido pelo Google. Voc\u00ea pode recusar o uso de cookies, seleccionando as defini\u00e7\u00f5es apropriadas no seu navegador, no entanto, note que se voc\u00ea fizer isso poder\u00e1 n\u00e3o ser capaz de usar todas as funcionalidades deste site. Ao utilizar este site, voc\u00ea concorda com o processamento de dados pelo Google na forma e para os fins acima expostos.\u201d<\/p>\n","protected":false},"excerpt":{"rendered":"<p>Esta pol\u00edtica de privacidade define como a MED-EL utiliza e protege todas as informa\u00e7\u00f5es que voc\u00ea nos fornece ao utilizar o site. MED-EL est\u00e1 empenhada em garantir que sua privacidade seja protegida. MED-EL pede apenas informa\u00e7\u00f5es pessoais espec\u00edficas. Podemos pedir que voc\u00ea forne\u00e7a informa\u00e7\u00f5es que nos permitir\u00e1 processar a sua compra ou fornecer servi\u00e7os a [&hellip;]<\/p>\n","protected":false},"author":8,"featured_media":0,"parent":0,"menu_order":0,"comment_status":"closed","ping_status":"open","template":"templates\/page-template.php","meta":{"footnotes":""},"class_list":["post-62297","page","type-page","status-publish","hentry"],"yoast_head":"<!-- This site is optimized with the Yoast SEO plugin v27.3 - https:\/\/yoast.com\/product\/yoast-seo-wordpress\/ -->\n<title>Pol\u00edtica de Privacidade - MED-EL Blog|Pol\u00edtica de Privacidade - MED-EL Blog<\/title>\n<meta name=\"robots\" content=\"index, follow, max-snippet:-1, max-image-preview:large, max-video-preview:-1\" \/>\n<link rel=\"canonical\" href=\"https:\/\/blog.medel.com\/pt-br\/politica-de-privacidade\/\" \/>\n<meta property=\"og:locale\" content=\"pt_BR\" \/>\n<meta property=\"og:type\" content=\"article\" \/>\n<meta property=\"og:title\" content=\"Pol\u00edtica de Privacidade - MED-EL Blog|Pol\u00edtica de Privacidade - MED-EL Blog\" \/>\n<meta property=\"og:description\" content=\"Esta pol\u00edtica de privacidade define como a MED-EL utiliza e protege todas as informa\u00e7\u00f5es que voc\u00ea nos fornece ao utilizar o site. MED-EL est\u00e1 empenhada em garantir que sua privacidade seja protegida. MED-EL pede apenas informa\u00e7\u00f5es pessoais espec\u00edficas. Podemos pedir que voc\u00ea forne\u00e7a informa\u00e7\u00f5es que nos permitir\u00e1 processar a sua compra ou fornecer servi\u00e7os a [&hellip;]\" \/>\n<meta property=\"og:url\" content=\"https:\/\/blog.medel.com\/pt-br\/politica-de-privacidade\/\" \/>\n<meta property=\"og:site_name\" content=\"The MED-EL Blog\" \/>\n<meta property=\"article:modified_time\" content=\"2023-03-08T10:49:34+00:00\" \/>\n<meta property=\"og:image\" content=\"https:\/\/blog.medel.com\/wp-content\/uploads\/2023\/02\/MED-EL_logo_L2.png\" \/>\n\t<meta property=\"og:image:width\" content=\"443\" \/>\n\t<meta property=\"og:image:height\" content=\"200\" \/>\n\t<meta property=\"og:image:type\" content=\"image\/png\" \/>\n<meta name=\"twitter:card\" content=\"summary_large_image\" \/>\n<meta name=\"twitter:label1\" content=\"Est. tempo de leitura\" \/>\n\t<meta name=\"twitter:data1\" content=\"6 minutos\" \/>\n<script type=\"application\/ld+json\" class=\"yoast-schema-graph\">{\"@context\":\"https:\\\/\\\/schema.org\",\"@graph\":[{\"@type\":\"WebPage\",\"@id\":\"https:\\\/\\\/blog.medel.com\\\/pt-br\\\/politica-de-privacidade\\\/\",\"url\":\"https:\\\/\\\/blog.medel.com\\\/pt-br\\\/politica-de-privacidade\\\/\",\"name\":\"Pol\u00edtica de Privacidade - MED-EL Blog|Pol\u00edtica de Privacidade - MED-EL Blog\",\"isPartOf\":{\"@id\":\"https:\\\/\\\/blog.medel.com\\\/#website\"},\"datePublished\":\"2017-09-14T14:25:48+00:00\",\"dateModified\":\"2023-03-08T10:49:34+00:00\",\"breadcrumb\":{\"@id\":\"https:\\\/\\\/blog.medel.com\\\/pt-br\\\/politica-de-privacidade\\\/#breadcrumb\"},\"inLanguage\":\"pt-BR\",\"potentialAction\":[{\"@type\":\"ReadAction\",\"target\":[\"https:\\\/\\\/blog.medel.com\\\/pt-br\\\/politica-de-privacidade\\\/\"]}]},{\"@type\":\"BreadcrumbList\",\"@id\":\"https:\\\/\\\/blog.medel.com\\\/pt-br\\\/politica-de-privacidade\\\/#breadcrumb\",\"itemListElement\":[{\"@type\":\"ListItem\",\"position\":1,\"name\":\"Home\",\"item\":\"https:\\\/\\\/blog.medel.com\\\/pt-br\\\/\"},{\"@type\":\"ListItem\",\"position\":2,\"name\":\"Pol\u00edtica de Privacidade\"}]},{\"@type\":\"WebSite\",\"@id\":\"https:\\\/\\\/blog.medel.com\\\/#website\",\"url\":\"https:\\\/\\\/blog.medel.com\\\/\",\"name\":\"The MED-EL Blog\",\"description\":\"\",\"publisher\":{\"@id\":\"https:\\\/\\\/blog.medel.com\\\/#organization\"},\"potentialAction\":[{\"@type\":\"SearchAction\",\"target\":{\"@type\":\"EntryPoint\",\"urlTemplate\":\"https:\\\/\\\/blog.medel.com\\\/?s={search_term_string}\"},\"query-input\":{\"@type\":\"PropertyValueSpecification\",\"valueRequired\":true,\"valueName\":\"search_term_string\"}}],\"inLanguage\":\"pt-BR\"},{\"@type\":\"Organization\",\"@id\":\"https:\\\/\\\/blog.medel.com\\\/#organization\",\"name\":\"The MED-EL Blog\",\"url\":\"https:\\\/\\\/blog.medel.com\\\/\",\"logo\":{\"@type\":\"ImageObject\",\"inLanguage\":\"pt-BR\",\"@id\":\"https:\\\/\\\/blog.medel.com\\\/#\\\/schema\\\/logo\\\/image\\\/\",\"url\":\"https:\\\/\\\/blog.medel.com\\\/wp-content\\\/uploads\\\/2023\\\/02\\\/MED-EL_logo_L2.png\",\"contentUrl\":\"https:\\\/\\\/blog.medel.com\\\/wp-content\\\/uploads\\\/2023\\\/02\\\/MED-EL_logo_L2.png\",\"width\":443,\"height\":200,\"caption\":\"The MED-EL Blog\"},\"image\":{\"@id\":\"https:\\\/\\\/blog.medel.com\\\/#\\\/schema\\\/logo\\\/image\\\/\"}}]}<\/script>\n<!-- \/ Yoast SEO plugin. -->","yoast_head_json":{"title":"Pol\u00edtica de Privacidade - MED-EL Blog|Pol\u00edtica de Privacidade - MED-EL Blog","robots":{"index":"index","follow":"follow","max-snippet":"max-snippet:-1","max-image-preview":"max-image-preview:large","max-video-preview":"max-video-preview:-1"},"canonical":"https:\/\/blog.medel.com\/pt-br\/politica-de-privacidade\/","og_locale":"pt_BR","og_type":"article","og_title":"Pol\u00edtica de Privacidade - MED-EL Blog|Pol\u00edtica de Privacidade - MED-EL Blog","og_description":"Esta pol\u00edtica de privacidade define como a MED-EL utiliza e protege todas as informa\u00e7\u00f5es que voc\u00ea nos fornece ao utilizar o site. MED-EL est\u00e1 empenhada em garantir que sua privacidade seja protegida. MED-EL pede apenas informa\u00e7\u00f5es pessoais espec\u00edficas. Podemos pedir que voc\u00ea forne\u00e7a informa\u00e7\u00f5es que nos permitir\u00e1 processar a sua compra ou fornecer servi\u00e7os a [&hellip;]","og_url":"https:\/\/blog.medel.com\/pt-br\/politica-de-privacidade\/","og_site_name":"The MED-EL Blog","article_modified_time":"2023-03-08T10:49:34+00:00","og_image":[{"width":443,"height":200,"url":"https:\/\/blog.medel.com\/wp-content\/uploads\/2023\/02\/MED-EL_logo_L2.png","type":"image\/png"}],"twitter_card":"summary_large_image","twitter_misc":{"Est. tempo de leitura":"6 minutos"},"schema":{"@context":"https:\/\/schema.org","@graph":[{"@type":"WebPage","@id":"https:\/\/blog.medel.com\/pt-br\/politica-de-privacidade\/","url":"https:\/\/blog.medel.com\/pt-br\/politica-de-privacidade\/","name":"Pol\u00edtica de Privacidade - MED-EL Blog|Pol\u00edtica de Privacidade - MED-EL Blog","isPartOf":{"@id":"https:\/\/blog.medel.com\/#website"},"datePublished":"2017-09-14T14:25:48+00:00","dateModified":"2023-03-08T10:49:34+00:00","breadcrumb":{"@id":"https:\/\/blog.medel.com\/pt-br\/politica-de-privacidade\/#breadcrumb"},"inLanguage":"pt-BR","potentialAction":[{"@type":"ReadAction","target":["https:\/\/blog.medel.com\/pt-br\/politica-de-privacidade\/"]}]},{"@type":"BreadcrumbList","@id":"https:\/\/blog.medel.com\/pt-br\/politica-de-privacidade\/#breadcrumb","itemListElement":[{"@type":"ListItem","position":1,"name":"Home","item":"https:\/\/blog.medel.com\/pt-br\/"},{"@type":"ListItem","position":2,"name":"Pol\u00edtica de Privacidade"}]},{"@type":"WebSite","@id":"https:\/\/blog.medel.com\/#website","url":"https:\/\/blog.medel.com\/","name":"The MED-EL Blog","description":"","publisher":{"@id":"https:\/\/blog.medel.com\/#organization"},"potentialAction":[{"@type":"SearchAction","target":{"@type":"EntryPoint","urlTemplate":"https:\/\/blog.medel.com\/?s={search_term_string}"},"query-input":{"@type":"PropertyValueSpecification","valueRequired":true,"valueName":"search_term_string"}}],"inLanguage":"pt-BR"},{"@type":"Organization","@id":"https:\/\/blog.medel.com\/#organization","name":"The MED-EL Blog","url":"https:\/\/blog.medel.com\/","logo":{"@type":"ImageObject","inLanguage":"pt-BR","@id":"https:\/\/blog.medel.com\/#\/schema\/logo\/image\/","url":"https:\/\/blog.medel.com\/wp-content\/uploads\/2023\/02\/MED-EL_logo_L2.png","contentUrl":"https:\/\/blog.medel.com\/wp-content\/uploads\/2023\/02\/MED-EL_logo_L2.png","width":443,"height":200,"caption":"The MED-EL Blog"},"image":{"@id":"https:\/\/blog.medel.com\/#\/schema\/logo\/image\/"}}]}},"_links":{"self":[{"href":"https:\/\/blog.medel.com\/pt-br\/wp-json\/wp\/v2\/pages\/62297","targetHints":{"allow":["GET"]}}],"collection":[{"href":"https:\/\/blog.medel.com\/pt-br\/wp-json\/wp\/v2\/pages"}],"about":[{"href":"https:\/\/blog.medel.com\/pt-br\/wp-json\/wp\/v2\/types\/page"}],"author":[{"embeddable":true,"href":"https:\/\/blog.medel.com\/pt-br\/wp-json\/wp\/v2\/users\/8"}],"replies":[{"embeddable":true,"href":"https:\/\/blog.medel.com\/pt-br\/wp-json\/wp\/v2\/comments?post=62297"}],"version-history":[{"count":1,"href":"https:\/\/blog.medel.com\/pt-br\/wp-json\/wp\/v2\/pages\/62297\/revisions"}],"predecessor-version":[{"id":62298,"href":"https:\/\/blog.medel.com\/pt-br\/wp-json\/wp\/v2\/pages\/62297\/revisions\/62298"}],"wp:attachment":[{"href":"https:\/\/blog.medel.com\/pt-br\/wp-json\/wp\/v2\/media?parent=62297"}],"curies":[{"name":"wp","href":"https:\/\/api.w.org\/{rel}","templated":true}]}}