{"id":56813,"date":"2023-03-06T15:03:06","date_gmt":"2023-03-06T15:03:06","guid":{"rendered":"https:\/\/blog.medel.com\/?page_id=56813"},"modified":"2023-03-28T10:36:51","modified_gmt":"2023-03-28T10:36:51","slug":"aviso-legal","status":"publish","type":"page","link":"https:\/\/blog.medel.com\/pt-br\/aviso-legal\/","title":{"rendered":"Aviso Legal"},"content":{"rendered":"<header id=\"mk-header-1\" class=\"mk-header header-style-2 header-align-left toolbar-true menu-hover-2 sticky-style-fixed mk-background-stretch boxed-header \" role=\"banner\" data-height=\"100\" data-sticky-height=\"44\" data-responsive-height=\"41\" data-transparent-skin=\"\" data-header-style=\"2\" data-sticky-style=\"fixed\" data-sticky-offset=\"header\">\n<section id=\"mk-page-introduce\" class=\"intro-left\">\n<div class=\"mk-grid\">\n<h1 class=\"page-title \">Aviso Legal<\/h1>\n<\/div>\n<\/section>\n<\/header>\n<div id=\"theme-page\" class=\"master-holder clearfix\">\n<div class=\"mk-main-wrapper-holder\">\n<div id=\"mk-page-id-6745\" class=\"theme-page-wrapper mk-main-wrapper mk-grid full-layout false\">\n<div class=\"theme-content false\">\n<section class=\"wpb-content-wrapper\">\n<div class=\"wpb_row vc_row vc_row-fluid jupiter-donut- mk-fullwidth-false attched-false js-master-row mk-grid mk-in-viewport\" data-mk-stretch-content=\"true\">\n<div class=\"vc_col-sm-12 wpb_column column_container jupiter-donut- _ jupiter-donut-height-full\">\n<div class=\" vc_custom_1552999804184\">\n<div id=\"text-block-3\" class=\"mk-text-block jupiter-donut- \">\n<h2>Respons\u00e1veis pelo Conte\u00fado:<\/h2>\n<div class=\"clearboth\">\n<p>&nbsp;<\/p>\n<p>MED-EL do Brasil<br \/>\nR. Cel. Diogo, 1060 \u2013 Jardim da Gl\u00f3ria<br \/>\n01545-001, S\u00e3o Paulo, Brasil<br \/>\n<a href=\"mailto:office@br.medel.com\">office@br.medel.com<\/a><br \/>\n<a href=\"https:\/\/medel.com\/br\">https:\/\/medel.com\/br<\/a><\/p>\n<p>Tel +55 (11) 2219 7800<br \/>\nAtendimento ao Cliente atrav\u00e9s do nosso Whatsapp.<br \/>\n<a href=\"https:\/\/api.whatsapp.com\/send?phone=5511966452523\">Contate Agora<\/a><\/p>\n<\/div>\n<\/div>\n<\/div>\n<\/div>\n<\/div>\n<div class=\"wpb_row vc_row vc_row-fluid jupiter-donut- mk-fullwidth-false attched-false js-master-row mk-grid mk-in-viewport\" data-mk-stretch-content=\"true\">\n<div class=\"vc_col-sm-6 wpb_column column_container jupiter-donut- _ jupiter-donut-height-full\">\n<div class=\" vc_custom_1552999793889\">\n<div id=\"text-block-5\" class=\"mk-text-block jupiter-donut- \">\n<p>&nbsp;<\/p>\n<p>MED\u2212EL Elektromedizinische Ger\u00e4te Gesellschaft m.b.H.<br \/>\nF\u00fcrstenweg 77a<br \/>\n6020 Innsbruck<br \/>\n\u00c1ustria<br \/>\nTel.: +43 5 77 88<br \/>\n<a href=\"mailto:office@medel.com\">office@medel.com<\/a><\/p>\n<p>N\u00ba registro FN 48608h<br \/>\nN\u00daMERO ID UST.: ATU 31722507<\/p>\n<p><strong>CEO:<\/strong><br \/>\nUniv. Doz. Dr. Ingeborg Hochmair<\/p>\n<\/div>\n<\/div>\n<\/div>\n<\/div>\n<\/section>\n<\/div>\n<\/div>\n<\/div>\n<\/div>\n","protected":false},"excerpt":{"rendered":"<p>Aviso Legal Respons\u00e1veis pelo Conte\u00fado: &nbsp; MED-EL do Brasil R. Cel. Diogo, 1060 \u2013 Jardim da Gl\u00f3ria 01545-001, S\u00e3o Paulo, Brasil office@br.medel.com https:\/\/medel.com\/br Tel +55 (11) 2219 7800 Atendimento ao Cliente atrav\u00e9s do nosso Whatsapp. Contate Agora &nbsp; MED\u2212EL Elektromedizinische Ger\u00e4te Gesellschaft m.b.H. F\u00fcrstenweg 77a 6020 Innsbruck \u00c1ustria Tel.: +43 5 77 88 office@medel.com N\u00ba [&hellip;]<\/p>\n","protected":false},"author":1,"featured_media":0,"parent":0,"menu_order":0,"comment_status":"closed","ping_status":"closed","template":"templates\/page-template.php","meta":{"footnotes":""},"class_list":["post-56813","page","type-page","status-publish","hentry"],"yoast_head":"<!-- This site is optimized with the Yoast SEO plugin v27.4 - https:\/\/yoast.com\/product\/yoast-seo-wordpress\/ -->\n<title>Aviso Legal - The MED-EL Blog<\/title>\n<meta name=\"robots\" content=\"index, follow, max-snippet:-1, max-image-preview:large, max-video-preview:-1\" \/>\n<link rel=\"canonical\" href=\"https:\/\/blog.medel.com\/pt-br\/aviso-legal\/\" \/>\n<meta property=\"og:locale\" content=\"pt_BR\" \/>\n<meta property=\"og:type\" content=\"article\" \/>\n<meta property=\"og:title\" content=\"Aviso Legal - The MED-EL Blog\" \/>\n<meta property=\"og:description\" content=\"Aviso Legal Respons\u00e1veis pelo Conte\u00fado: &nbsp; MED-EL do Brasil R. Cel. Diogo, 1060 \u2013 Jardim da Gl\u00f3ria 01545-001, S\u00e3o Paulo, Brasil office@br.medel.com https:\/\/medel.com\/br Tel +55 (11) 2219 7800 Atendimento ao Cliente atrav\u00e9s do nosso Whatsapp. Contate Agora &nbsp; MED\u2212EL Elektromedizinische Ger\u00e4te Gesellschaft m.b.H. F\u00fcrstenweg 77a 6020 Innsbruck \u00c1ustria Tel.: +43 5 77 88 office@medel.com N\u00ba [&hellip;]\" \/>\n<meta property=\"og:url\" content=\"https:\/\/blog.medel.com\/pt-br\/aviso-legal\/\" \/>\n<meta property=\"og:site_name\" content=\"The MED-EL Blog\" \/>\n<meta property=\"article:modified_time\" content=\"2023-03-28T10:36:51+00:00\" \/>\n<meta property=\"og:image\" content=\"https:\/\/blog.medel.com\/wp-content\/uploads\/2023\/02\/MED-EL_logo_L2.png\" \/>\n\t<meta property=\"og:image:width\" content=\"443\" \/>\n\t<meta property=\"og:image:height\" content=\"200\" \/>\n\t<meta property=\"og:image:type\" content=\"image\/png\" \/>\n<meta name=\"twitter:card\" content=\"summary_large_image\" \/>\n<meta name=\"twitter:label1\" content=\"Est. tempo de leitura\" \/>\n\t<meta name=\"twitter:data1\" content=\"1 minuto\" \/>\n<script type=\"application\/ld+json\" class=\"yoast-schema-graph\">{\"@context\":\"https:\\\/\\\/schema.org\",\"@graph\":[{\"@type\":\"WebPage\",\"@id\":\"https:\\\/\\\/blog.medel.com\\\/pt-br\\\/aviso-legal\\\/\",\"url\":\"https:\\\/\\\/blog.medel.com\\\/pt-br\\\/aviso-legal\\\/\",\"name\":\"Aviso Legal - The MED-EL Blog\",\"isPartOf\":{\"@id\":\"https:\\\/\\\/blog.medel.com\\\/id\\\/#website\"},\"datePublished\":\"2023-03-06T15:03:06+00:00\",\"dateModified\":\"2023-03-28T10:36:51+00:00\",\"breadcrumb\":{\"@id\":\"https:\\\/\\\/blog.medel.com\\\/pt-br\\\/aviso-legal\\\/#breadcrumb\"},\"inLanguage\":\"pt-BR\",\"potentialAction\":[{\"@type\":\"ReadAction\",\"target\":[\"https:\\\/\\\/blog.medel.com\\\/pt-br\\\/aviso-legal\\\/\"]}]},{\"@type\":\"BreadcrumbList\",\"@id\":\"https:\\\/\\\/blog.medel.com\\\/pt-br\\\/aviso-legal\\\/#breadcrumb\",\"itemListElement\":[{\"@type\":\"ListItem\",\"position\":1,\"name\":\"Home\",\"item\":\"https:\\\/\\\/blog.medel.com\\\/pt-br\\\/\"},{\"@type\":\"ListItem\",\"position\":2,\"name\":\"Aviso Legal\"}]},{\"@type\":\"WebSite\",\"@id\":\"https:\\\/\\\/blog.medel.com\\\/id\\\/#website\",\"url\":\"https:\\\/\\\/blog.medel.com\\\/id\\\/\",\"name\":\"The MED-EL Blog\",\"description\":\"\",\"publisher\":{\"@id\":\"https:\\\/\\\/blog.medel.com\\\/id\\\/#organization\"},\"potentialAction\":[{\"@type\":\"SearchAction\",\"target\":{\"@type\":\"EntryPoint\",\"urlTemplate\":\"https:\\\/\\\/blog.medel.com\\\/id\\\/?s={search_term_string}\"},\"query-input\":{\"@type\":\"PropertyValueSpecification\",\"valueRequired\":true,\"valueName\":\"search_term_string\"}}],\"inLanguage\":\"pt-BR\"},{\"@type\":\"Organization\",\"@id\":\"https:\\\/\\\/blog.medel.com\\\/id\\\/#organization\",\"name\":\"The MED-EL Blog\",\"url\":\"https:\\\/\\\/blog.medel.com\\\/id\\\/\",\"logo\":{\"@type\":\"ImageObject\",\"inLanguage\":\"pt-BR\",\"@id\":\"https:\\\/\\\/blog.medel.com\\\/id\\\/#\\\/schema\\\/logo\\\/image\\\/\",\"url\":\"https:\\\/\\\/blog.medel.com\\\/wp-content\\\/uploads\\\/2023\\\/02\\\/MED-EL_logo_L2.png\",\"contentUrl\":\"https:\\\/\\\/blog.medel.com\\\/wp-content\\\/uploads\\\/2023\\\/02\\\/MED-EL_logo_L2.png\",\"width\":443,\"height\":200,\"caption\":\"The MED-EL Blog\"},\"image\":{\"@id\":\"https:\\\/\\\/blog.medel.com\\\/id\\\/#\\\/schema\\\/logo\\\/image\\\/\"}}]}<\/script>\n<!-- \/ Yoast SEO plugin. -->","yoast_head_json":{"title":"Aviso Legal - The MED-EL Blog","robots":{"index":"index","follow":"follow","max-snippet":"max-snippet:-1","max-image-preview":"max-image-preview:large","max-video-preview":"max-video-preview:-1"},"canonical":"https:\/\/blog.medel.com\/pt-br\/aviso-legal\/","og_locale":"pt_BR","og_type":"article","og_title":"Aviso Legal - The MED-EL Blog","og_description":"Aviso Legal Respons\u00e1veis pelo Conte\u00fado: &nbsp; MED-EL do Brasil R. Cel. Diogo, 1060 \u2013 Jardim da Gl\u00f3ria 01545-001, S\u00e3o Paulo, Brasil office@br.medel.com https:\/\/medel.com\/br Tel +55 (11) 2219 7800 Atendimento ao Cliente atrav\u00e9s do nosso Whatsapp. Contate Agora &nbsp; MED\u2212EL Elektromedizinische Ger\u00e4te Gesellschaft m.b.H. F\u00fcrstenweg 77a 6020 Innsbruck \u00c1ustria Tel.: +43 5 77 88 office@medel.com N\u00ba [&hellip;]","og_url":"https:\/\/blog.medel.com\/pt-br\/aviso-legal\/","og_site_name":"The MED-EL Blog","article_modified_time":"2023-03-28T10:36:51+00:00","og_image":[{"width":443,"height":200,"url":"https:\/\/blog.medel.com\/wp-content\/uploads\/2023\/02\/MED-EL_logo_L2.png","type":"image\/png"}],"twitter_card":"summary_large_image","twitter_misc":{"Est. tempo de leitura":"1 minuto"},"schema":{"@context":"https:\/\/schema.org","@graph":[{"@type":"WebPage","@id":"https:\/\/blog.medel.com\/pt-br\/aviso-legal\/","url":"https:\/\/blog.medel.com\/pt-br\/aviso-legal\/","name":"Aviso Legal - The MED-EL Blog","isPartOf":{"@id":"https:\/\/blog.medel.com\/id\/#website"},"datePublished":"2023-03-06T15:03:06+00:00","dateModified":"2023-03-28T10:36:51+00:00","breadcrumb":{"@id":"https:\/\/blog.medel.com\/pt-br\/aviso-legal\/#breadcrumb"},"inLanguage":"pt-BR","potentialAction":[{"@type":"ReadAction","target":["https:\/\/blog.medel.com\/pt-br\/aviso-legal\/"]}]},{"@type":"BreadcrumbList","@id":"https:\/\/blog.medel.com\/pt-br\/aviso-legal\/#breadcrumb","itemListElement":[{"@type":"ListItem","position":1,"name":"Home","item":"https:\/\/blog.medel.com\/pt-br\/"},{"@type":"ListItem","position":2,"name":"Aviso Legal"}]},{"@type":"WebSite","@id":"https:\/\/blog.medel.com\/id\/#website","url":"https:\/\/blog.medel.com\/id\/","name":"The MED-EL Blog","description":"","publisher":{"@id":"https:\/\/blog.medel.com\/id\/#organization"},"potentialAction":[{"@type":"SearchAction","target":{"@type":"EntryPoint","urlTemplate":"https:\/\/blog.medel.com\/id\/?s={search_term_string}"},"query-input":{"@type":"PropertyValueSpecification","valueRequired":true,"valueName":"search_term_string"}}],"inLanguage":"pt-BR"},{"@type":"Organization","@id":"https:\/\/blog.medel.com\/id\/#organization","name":"The MED-EL Blog","url":"https:\/\/blog.medel.com\/id\/","logo":{"@type":"ImageObject","inLanguage":"pt-BR","@id":"https:\/\/blog.medel.com\/id\/#\/schema\/logo\/image\/","url":"https:\/\/blog.medel.com\/wp-content\/uploads\/2023\/02\/MED-EL_logo_L2.png","contentUrl":"https:\/\/blog.medel.com\/wp-content\/uploads\/2023\/02\/MED-EL_logo_L2.png","width":443,"height":200,"caption":"The MED-EL Blog"},"image":{"@id":"https:\/\/blog.medel.com\/id\/#\/schema\/logo\/image\/"}}]}},"_links":{"self":[{"href":"https:\/\/blog.medel.com\/pt-br\/wp-json\/wp\/v2\/pages\/56813","targetHints":{"allow":["GET"]}}],"collection":[{"href":"https:\/\/blog.medel.com\/pt-br\/wp-json\/wp\/v2\/pages"}],"about":[{"href":"https:\/\/blog.medel.com\/pt-br\/wp-json\/wp\/v2\/types\/page"}],"author":[{"embeddable":true,"href":"https:\/\/blog.medel.com\/pt-br\/wp-json\/wp\/v2\/users\/1"}],"replies":[{"embeddable":true,"href":"https:\/\/blog.medel.com\/pt-br\/wp-json\/wp\/v2\/comments?post=56813"}],"version-history":[{"count":3,"href":"https:\/\/blog.medel.com\/pt-br\/wp-json\/wp\/v2\/pages\/56813\/revisions"}],"predecessor-version":[{"id":74988,"href":"https:\/\/blog.medel.com\/pt-br\/wp-json\/wp\/v2\/pages\/56813\/revisions\/74988"}],"wp:attachment":[{"href":"https:\/\/blog.medel.com\/pt-br\/wp-json\/wp\/v2\/media?parent=56813"}],"curies":[{"name":"wp","href":"https:\/\/api.w.org\/{rel}","templated":true}]}}