{"id":62358,"date":"2018-01-29T16:33:53","date_gmt":"2018-01-29T16:33:53","guid":{"rendered":"https:\/\/blog.medel.com\/politicas-de-privacidad\/"},"modified":"2023-03-08T10:55:50","modified_gmt":"2023-03-08T10:55:50","slug":"politicas-de-privacidad","status":"publish","type":"page","link":"https:\/\/blog.medel.com\/latam\/politicas-de-privacidad\/","title":{"rendered":"Pol\u00edticas de privacidad"},"content":{"rendered":"<p>Esta pol\u00edtica de privacidad establece la forma en la que MED-EL utiliza y protege la informaci\u00f3n que usted proporciona a MED-EL al utilizar este sitio web.<br \/>\nMED-EL se compromete a garantizar la protecci\u00f3n de su privacidad. MED-EL solo solicita determinada informaci\u00f3n personal espec\u00edfica. Es posible que le solicitemos informaci\u00f3n para permitirnos procesar su compra o prestarle servicios, mejorar su visita a nuestro sitio web, responder a solicitudes de informaci\u00f3n, promover nuestra relaci\u00f3n con el cliente, atenderle con asuntos t\u00e9cnicos o para realizar un seguimiento despu\u00e9s de su visita.<br \/>\nDebemos pedirle determinada informaci\u00f3n para que pueda ser identificado al utilizar este sitio web, pero puede tener absoluta seguridad de que solo ser\u00e1 utilizada de acuerdo con esta pol\u00edtica de privacidad.<\/p>\n<p>Si tiene alguna duda o consulta sobre la privacidad, puede contactar con MED-EL en cualquier momento. Tambi\u00e9n puede solicitar en cualquier momento poder ver la informaci\u00f3n personal que nos ha proporcionado y solicitar que sea corregida o borrada. Nos esforzamos para proteger la seguridad de sus datos personales utilizando todas las medidas y procesos apropiados.<\/p>\n<p>MED-EL puede cambiar esta pol\u00edtica en cualquier momento con la actualizaci\u00f3n de esta p\u00e1gina. Le aconsejamos que revise esta p\u00e1gina de vez en cuando para asegurarse de que est\u00e1 conforme con cualquier cambio. Esta pol\u00edtica est\u00e1 en vigor desde el 19.03.2010.<\/p>\n<h1>Tipo de informaci\u00f3n que recogemos<\/h1>\n<p>Podemos solicitar la siguiente informaci\u00f3n:<\/p>\n<ol>\n<li>nombre<\/li>\n<li>informaci\u00f3n de contacto, incluyendo la direcci\u00f3n de e-mail<\/li>\n<li>informaci\u00f3n demogr\u00e1fica, como c\u00f3digo postal, preferencias e intereses<\/li>\n<li>otra informaci\u00f3n importante para efectuar estudios de clientes<\/li>\n<\/ol>\n<h1>Destino de la informaci\u00f3n recopilada<\/h1>\n<p>Solicitamos esta informaci\u00f3n para comprender sus necesidades y ofrecerle un mejor servicio, y en especial, por las siguientes razones:<\/p>\n<ol>\n<li>Mantenimiento de un registro interno.<\/li>\n<li>Podemos utilizar la informaci\u00f3n para mejorar nuestros productos y servicios.<\/li>\n<li>Peri\u00f3dicamente, enviamos e-mails promocionales sobre nuevos productos, ofertas especiales y otro tipo de informaci\u00f3n que consideramos pueda interesarle utilizando la direcci\u00f3n de e-mail que nos ha facilitado. Si no desea seguir recibiendo e-mails de MED-EL, <a href=\"***country***\/show\/index\/id\/272\/title\/CONTACT\">contacte con nosotros.<\/a><\/li>\n<li>De vez en cuando, tambi\u00e9n podemos utilizar su informaci\u00f3n para contactar con usted para fines de investigaci\u00f3n de mercado. Podemos hacerlo a trav\u00e9s de e-mail, fax o correo convencional. Podemos utilizar la informaci\u00f3n para personalizar el sitio web seg\u00fan sus intereses.<\/li>\n<\/ol>\n<h1>Seguridad<\/h1>\n<p>Nos comprometemos a garantizar la protecci\u00f3n total de su informaci\u00f3n. Para evitar el acceso o revelaci\u00f3n no autorizados, hemos implementado procedimientos f\u00edsicos, electr\u00f3nicos y la gesti\u00f3n adecuada para salvaguardar y proteger la informaci\u00f3n que recopilamos online.<\/p>\n<h1>Uso de las cookies<\/h1>\n<p>Una cookie es un peque\u00f1o archivo que solicita permiso para almacenarse en el disco duro de su ordenador. Una vez que concede tal permiso, el archivo se guarda; la cookie ayuda a analizar el tr\u00e1fico de web o le avisa cuando visita un sitio espec\u00edfico. Las cookies permiten que las aplicaciones de web le respondan como un usuario particular. La aplicaci\u00f3n de web puede adaptar las operaciones a sus necesidades y preferencias mediante la recopilaci\u00f3n y el registro de informaci\u00f3n sobre sus preferencias.<\/p>\n<p>Utilizamos cookies de registro de tr\u00e1fico para identificar las p\u00e1ginas que se est\u00e1n usando. Esto nos permite analizar la informaci\u00f3n sobre el tr\u00e1fico de la p\u00e1gina web y mejorar nuestro sitio web para adaptarlo a sus necesidades. S\u00f3lo utilizamos esta informaci\u00f3n para fines de an\u00e1lisis estad\u00edstico. Despu\u00e9s, los datos se borran y elimin\u00e1n del sistema.<\/p>\n<p>En general, las cookies nos sirven para poder configurar un sitio web mejor, ya que nos permiten controlar las p\u00e1ginas que usted considera \u00fatiles y las que no. Una cookie no nos proporciona acceso alguno a su ordenador ni a su informaci\u00f3n personal, con excepci\u00f3n de los datos que usted decide compartir con nosotros voluntariamente.<\/p>\n<p>Usted tiene la opci\u00f3n de aceptar o rechazar cookies. La mayor\u00eda de los navegadores aceptan autom\u00e1ticamente las cookies; sin embargo, si usted lo prefiere, puede modificar la configuraci\u00f3n de su navegador para rechazarlas. Esta acci\u00f3n podr\u00eda hacer que no pudiera acceder a todo el sitio web.<\/p>\n<h1>V\u00ednculos a otros sitios web<\/h1>\n<p>Nuestro sitio web puede incluir v\u00ednculos a otros sitios web de inter\u00e9s. Sin embargo, una vez que abandona nuestro sitio utilizando estos v\u00ednculos, debe tener en cuenta que no tenemos ning\u00fan control sobre los sitios web externos. Por lo tanto, no nos responsabilizamos de la protecci\u00f3n y la privacidad de la informaci\u00f3n que haya proporcionado durante su visita a tales sitios que no est\u00e1n sujetos a esta declaraci\u00f3n de privacidad. Le aconsejamos que act\u00fae con cautela y que lea la declaraci\u00f3n de privacidad del sitio web en cuesti\u00f3n.<\/p>\n<h1>Gesti\u00f3n de su informaci\u00f3n personal<\/h1>\n<p>No venderemos, distribuiremos ni prestaremos su informaci\u00f3n personal a terceros salvo que tengamos su autorizaci\u00f3n para ello o sea obligatorio por ley. Si usted nos da su consentimiento, podr\u00edamos utilizar su informaci\u00f3n personal para enviarle informaci\u00f3n promocional sobre terceros que consideremos que podr\u00edan interesarle.<\/p>\n<p>Si cree que alg\u00fan tipo de informaci\u00f3n sobre usted es incorrecta o est\u00e1 incompleta, env\u00ede lo antes posible un e-mail a marketing@medel.com o a la direcci\u00f3n de e-mail que aparece m\u00e1s arriba. Corregiremos inmediatamente cualquier informaci\u00f3n que pueda ser incorrecta.<\/p>\n<h1>Google Analytics<\/h1>\n<p>Este sitio web utiliza Google Analytics, un servicio de an\u00e1lisis de red ofrecido por Google, Inc. (\u201cGoogle\u201d). Google Analytics usa \u201ccookies\u201d, archivos de texto guardados en su ordenador, para permitir que el sitio web analice el modo de utilizaci\u00f3n del sitio por parte de los usuarios. La informaci\u00f3n recopilada por la cookie sobre el uso del sitio web (incluyendo su direcci\u00f3n IP) se enviar\u00e1 a Google, que la almacenar\u00e1 en los servidores de los Estados Unidos. Google utilizar\u00e1 esta informaci\u00f3n para evaluar el uso del sitio web, recopilar informaci\u00f3n sobre la actividad del sitio para operadores de sitios web y prestar otros servicios relacionados con la actividad del sitio web y el uso de Internet. Google tambi\u00e9n puede transferir esta informaci\u00f3n si lo exige la ley o si tales terceros procesan la informaci\u00f3n en nombre de Google. Google no asociar\u00e1 su direcci\u00f3n IP a ninguna otra informaci\u00f3n que Google disponga. Usted puede rechazar el uso de cookies mediante la configuraci\u00f3n de su navegador; sin embargo, tenga en cuenta que al hacerlo, es posible que no pueda utilizar toda la funcionalidad de este sitio web. Al utilizar este sitio web, usted consiente el procesamiento de datos por parte de Google en la forma y fines mencionados m\u00e1s arriba.\u201d<\/p>\n","protected":false},"excerpt":{"rendered":"<p>Esta pol\u00edtica de privacidad establece la forma en la que MED-EL utiliza y protege la informaci\u00f3n que usted proporciona a MED-EL al utilizar este sitio web. MED-EL se compromete a garantizar la protecci\u00f3n de su privacidad. MED-EL solo solicita determinada informaci\u00f3n personal espec\u00edfica. Es posible que le solicitemos informaci\u00f3n para permitirnos procesar su compra o [&hellip;]<\/p>\n","protected":false},"author":8,"featured_media":0,"parent":0,"menu_order":0,"comment_status":"closed","ping_status":"open","template":"templates\/page-template.php","meta":{"footnotes":""},"class_list":["post-62358","page","type-page","status-publish","hentry"],"yoast_head":"<!-- This site is optimized with the Yoast SEO plugin v27.3 - https:\/\/yoast.com\/product\/yoast-seo-wordpress\/ -->\n<title>Pol\u00edticas de privacidad - The MED-EL Blog<\/title>\n<meta name=\"robots\" content=\"index, follow, max-snippet:-1, max-image-preview:large, max-video-preview:-1\" \/>\n<link rel=\"canonical\" href=\"https:\/\/blog.medel.com\/latam\/politicas-de-privacidad\/\" \/>\n<meta property=\"og:locale\" content=\"es_ES\" \/>\n<meta property=\"og:type\" content=\"article\" \/>\n<meta property=\"og:title\" content=\"Pol\u00edticas de privacidad - The MED-EL Blog\" \/>\n<meta property=\"og:description\" content=\"Esta pol\u00edtica de privacidad establece la forma en la que MED-EL utiliza y protege la informaci\u00f3n que usted proporciona a MED-EL al utilizar este sitio web. MED-EL se compromete a garantizar la protecci\u00f3n de su privacidad. MED-EL solo solicita determinada informaci\u00f3n personal espec\u00edfica. Es posible que le solicitemos informaci\u00f3n para permitirnos procesar su compra o [&hellip;]\" \/>\n<meta property=\"og:url\" content=\"https:\/\/blog.medel.com\/latam\/politicas-de-privacidad\/\" \/>\n<meta property=\"og:site_name\" content=\"The MED-EL Blog\" \/>\n<meta property=\"article:modified_time\" content=\"2023-03-08T10:55:50+00:00\" \/>\n<meta property=\"og:image\" content=\"https:\/\/blog.medel.com\/wp-content\/uploads\/2023\/02\/MED-EL_logo_L2.png\" \/>\n\t<meta property=\"og:image:width\" content=\"443\" \/>\n\t<meta property=\"og:image:height\" content=\"200\" \/>\n\t<meta property=\"og:image:type\" content=\"image\/png\" \/>\n<meta name=\"twitter:card\" content=\"summary_large_image\" \/>\n<meta name=\"twitter:label1\" content=\"Est. reading time\" \/>\n\t<meta name=\"twitter:data1\" content=\"6 minutes\" \/>\n<script type=\"application\/ld+json\" class=\"yoast-schema-graph\">{\"@context\":\"https:\\\/\\\/schema.org\",\"@graph\":[{\"@type\":\"WebPage\",\"@id\":\"https:\\\/\\\/blog.medel.com\\\/latam\\\/politicas-de-privacidad\\\/\",\"url\":\"https:\\\/\\\/blog.medel.com\\\/latam\\\/politicas-de-privacidad\\\/\",\"name\":\"Pol\u00edticas de privacidad - The MED-EL Blog\",\"isPartOf\":{\"@id\":\"https:\\\/\\\/blog.medel.com\\\/#website\"},\"datePublished\":\"2018-01-29T16:33:53+00:00\",\"dateModified\":\"2023-03-08T10:55:50+00:00\",\"breadcrumb\":{\"@id\":\"https:\\\/\\\/blog.medel.com\\\/latam\\\/politicas-de-privacidad\\\/#breadcrumb\"},\"inLanguage\":\"es\",\"potentialAction\":[{\"@type\":\"ReadAction\",\"target\":[\"https:\\\/\\\/blog.medel.com\\\/latam\\\/politicas-de-privacidad\\\/\"]}]},{\"@type\":\"BreadcrumbList\",\"@id\":\"https:\\\/\\\/blog.medel.com\\\/latam\\\/politicas-de-privacidad\\\/#breadcrumb\",\"itemListElement\":[{\"@type\":\"ListItem\",\"position\":1,\"name\":\"Home\",\"item\":\"https:\\\/\\\/blog.medel.com\\\/latam\\\/\"},{\"@type\":\"ListItem\",\"position\":2,\"name\":\"Pol\u00edticas de privacidad\"}]},{\"@type\":\"WebSite\",\"@id\":\"https:\\\/\\\/blog.medel.com\\\/#website\",\"url\":\"https:\\\/\\\/blog.medel.com\\\/\",\"name\":\"The MED-EL Blog\",\"description\":\"\",\"publisher\":{\"@id\":\"https:\\\/\\\/blog.medel.com\\\/#organization\"},\"potentialAction\":[{\"@type\":\"SearchAction\",\"target\":{\"@type\":\"EntryPoint\",\"urlTemplate\":\"https:\\\/\\\/blog.medel.com\\\/?s={search_term_string}\"},\"query-input\":{\"@type\":\"PropertyValueSpecification\",\"valueRequired\":true,\"valueName\":\"search_term_string\"}}],\"inLanguage\":\"es\"},{\"@type\":\"Organization\",\"@id\":\"https:\\\/\\\/blog.medel.com\\\/#organization\",\"name\":\"The MED-EL Blog\",\"url\":\"https:\\\/\\\/blog.medel.com\\\/\",\"logo\":{\"@type\":\"ImageObject\",\"inLanguage\":\"es\",\"@id\":\"https:\\\/\\\/blog.medel.com\\\/#\\\/schema\\\/logo\\\/image\\\/\",\"url\":\"https:\\\/\\\/blog.medel.com\\\/wp-content\\\/uploads\\\/2023\\\/02\\\/MED-EL_logo_L2.png\",\"contentUrl\":\"https:\\\/\\\/blog.medel.com\\\/wp-content\\\/uploads\\\/2023\\\/02\\\/MED-EL_logo_L2.png\",\"width\":443,\"height\":200,\"caption\":\"The MED-EL Blog\"},\"image\":{\"@id\":\"https:\\\/\\\/blog.medel.com\\\/#\\\/schema\\\/logo\\\/image\\\/\"}}]}<\/script>\n<!-- \/ Yoast SEO plugin. -->","yoast_head_json":{"title":"Pol\u00edticas de privacidad - The MED-EL Blog","robots":{"index":"index","follow":"follow","max-snippet":"max-snippet:-1","max-image-preview":"max-image-preview:large","max-video-preview":"max-video-preview:-1"},"canonical":"https:\/\/blog.medel.com\/latam\/politicas-de-privacidad\/","og_locale":"es_ES","og_type":"article","og_title":"Pol\u00edticas de privacidad - The MED-EL Blog","og_description":"Esta pol\u00edtica de privacidad establece la forma en la que MED-EL utiliza y protege la informaci\u00f3n que usted proporciona a MED-EL al utilizar este sitio web. MED-EL se compromete a garantizar la protecci\u00f3n de su privacidad. MED-EL solo solicita determinada informaci\u00f3n personal espec\u00edfica. Es posible que le solicitemos informaci\u00f3n para permitirnos procesar su compra o [&hellip;]","og_url":"https:\/\/blog.medel.com\/latam\/politicas-de-privacidad\/","og_site_name":"The MED-EL Blog","article_modified_time":"2023-03-08T10:55:50+00:00","og_image":[{"width":443,"height":200,"url":"https:\/\/blog.medel.com\/wp-content\/uploads\/2023\/02\/MED-EL_logo_L2.png","type":"image\/png"}],"twitter_card":"summary_large_image","twitter_misc":{"Est. reading time":"6 minutes"},"schema":{"@context":"https:\/\/schema.org","@graph":[{"@type":"WebPage","@id":"https:\/\/blog.medel.com\/latam\/politicas-de-privacidad\/","url":"https:\/\/blog.medel.com\/latam\/politicas-de-privacidad\/","name":"Pol\u00edticas de privacidad - The MED-EL Blog","isPartOf":{"@id":"https:\/\/blog.medel.com\/#website"},"datePublished":"2018-01-29T16:33:53+00:00","dateModified":"2023-03-08T10:55:50+00:00","breadcrumb":{"@id":"https:\/\/blog.medel.com\/latam\/politicas-de-privacidad\/#breadcrumb"},"inLanguage":"es","potentialAction":[{"@type":"ReadAction","target":["https:\/\/blog.medel.com\/latam\/politicas-de-privacidad\/"]}]},{"@type":"BreadcrumbList","@id":"https:\/\/blog.medel.com\/latam\/politicas-de-privacidad\/#breadcrumb","itemListElement":[{"@type":"ListItem","position":1,"name":"Home","item":"https:\/\/blog.medel.com\/latam\/"},{"@type":"ListItem","position":2,"name":"Pol\u00edticas de privacidad"}]},{"@type":"WebSite","@id":"https:\/\/blog.medel.com\/#website","url":"https:\/\/blog.medel.com\/","name":"The MED-EL Blog","description":"","publisher":{"@id":"https:\/\/blog.medel.com\/#organization"},"potentialAction":[{"@type":"SearchAction","target":{"@type":"EntryPoint","urlTemplate":"https:\/\/blog.medel.com\/?s={search_term_string}"},"query-input":{"@type":"PropertyValueSpecification","valueRequired":true,"valueName":"search_term_string"}}],"inLanguage":"es"},{"@type":"Organization","@id":"https:\/\/blog.medel.com\/#organization","name":"The MED-EL Blog","url":"https:\/\/blog.medel.com\/","logo":{"@type":"ImageObject","inLanguage":"es","@id":"https:\/\/blog.medel.com\/#\/schema\/logo\/image\/","url":"https:\/\/blog.medel.com\/wp-content\/uploads\/2023\/02\/MED-EL_logo_L2.png","contentUrl":"https:\/\/blog.medel.com\/wp-content\/uploads\/2023\/02\/MED-EL_logo_L2.png","width":443,"height":200,"caption":"The MED-EL Blog"},"image":{"@id":"https:\/\/blog.medel.com\/#\/schema\/logo\/image\/"}}]}},"_links":{"self":[{"href":"https:\/\/blog.medel.com\/latam\/wp-json\/wp\/v2\/pages\/62358","targetHints":{"allow":["GET"]}}],"collection":[{"href":"https:\/\/blog.medel.com\/latam\/wp-json\/wp\/v2\/pages"}],"about":[{"href":"https:\/\/blog.medel.com\/latam\/wp-json\/wp\/v2\/types\/page"}],"author":[{"embeddable":true,"href":"https:\/\/blog.medel.com\/latam\/wp-json\/wp\/v2\/users\/8"}],"replies":[{"embeddable":true,"href":"https:\/\/blog.medel.com\/latam\/wp-json\/wp\/v2\/comments?post=62358"}],"version-history":[{"count":1,"href":"https:\/\/blog.medel.com\/latam\/wp-json\/wp\/v2\/pages\/62358\/revisions"}],"predecessor-version":[{"id":62359,"href":"https:\/\/blog.medel.com\/latam\/wp-json\/wp\/v2\/pages\/62358\/revisions\/62359"}],"wp:attachment":[{"href":"https:\/\/blog.medel.com\/latam\/wp-json\/wp\/v2\/media?parent=62358"}],"curies":[{"name":"wp","href":"https:\/\/api.w.org\/{rel}","templated":true}]}}