{"id":56805,"date":"2023-03-06T14:59:47","date_gmt":"2023-03-06T14:59:47","guid":{"rendered":"https:\/\/blog.medel.com\/?page_id=56805"},"modified":"2023-03-28T09:44:19","modified_gmt":"2023-03-28T09:44:19","slug":"contenido-legal","status":"publish","type":"page","link":"https:\/\/blog.medel.com\/latam\/contenido-legal\/","title":{"rendered":"Contenido-Legal"},"content":{"rendered":"<h1>Aviso legal<\/h1>\n<p><strong>Responsable del contenido:<\/strong><\/p>\n<p>MED\u2212EL Elektromedizinische Ger\u00e4te Gesellschaft m.b.H.<br \/>\nF\u00fcrstenweg 77a<br \/>\n6020 Innsbruck<br \/>\nAustria<br \/>\nTel.: +43 5 77 88<br \/>\n<a href=\"mailto:office@medel.com\">office@medel.com<\/a><\/p>\n<p>N\u00famero de registro: FN 48608h<br \/>\nN\u00daMERO UST.-ID: ATU 31722507<\/p>\n<p><strong>CEO:<\/strong><br \/>\nUniv.Doz. Dr. Ingeborg Hochmair<\/p>\n","protected":false},"excerpt":{"rendered":"<p>Aviso legal Responsable del contenido: MED\u2212EL Elektromedizinische Ger\u00e4te Gesellschaft m.b.H. F\u00fcrstenweg 77a 6020 Innsbruck Austria Tel.: +43 5 77 88 office@medel.com N\u00famero de registro: FN 48608h N\u00daMERO UST.-ID: ATU 31722507 CEO: Univ.Doz. Dr. Ingeborg Hochmair<\/p>\n","protected":false},"author":1,"featured_media":0,"parent":0,"menu_order":0,"comment_status":"closed","ping_status":"closed","template":"templates\/page-template.php","meta":{"footnotes":""},"class_list":["post-56805","page","type-page","status-publish","hentry"],"yoast_head":"<!-- This site is optimized with the Yoast SEO plugin v27.3 - https:\/\/yoast.com\/product\/yoast-seo-wordpress\/ -->\n<title>Contenido-Legal - The MED-EL Blog<\/title>\n<meta name=\"robots\" content=\"index, follow, max-snippet:-1, max-image-preview:large, max-video-preview:-1\" \/>\n<link rel=\"canonical\" href=\"https:\/\/blog.medel.com\/legal-notice\/\" \/>\n<meta property=\"og:locale\" content=\"es_ES\" \/>\n<meta property=\"og:type\" content=\"article\" \/>\n<meta property=\"og:title\" content=\"Contenido-Legal - The MED-EL Blog\" \/>\n<meta property=\"og:description\" content=\"Aviso legal Responsable del contenido: MED\u2212EL Elektromedizinische Ger\u00e4te Gesellschaft m.b.H. F\u00fcrstenweg 77a 6020 Innsbruck Austria Tel.: +43 5 77 88 office@medel.com N\u00famero de registro: FN 48608h N\u00daMERO UST.-ID: ATU 31722507 CEO: Univ.Doz. Dr. Ingeborg Hochmair\" \/>\n<meta property=\"og:url\" content=\"https:\/\/blog.medel.com\/legal-notice\/\" \/>\n<meta property=\"og:site_name\" content=\"The MED-EL Blog\" \/>\n<meta property=\"article:modified_time\" content=\"2023-03-28T09:44:19+00:00\" \/>\n<meta property=\"og:image\" content=\"https:\/\/blog.medel.com\/wp-content\/uploads\/2023\/02\/MED-EL_logo_L2.png\" \/>\n\t<meta property=\"og:image:width\" content=\"443\" \/>\n\t<meta property=\"og:image:height\" content=\"200\" \/>\n\t<meta property=\"og:image:type\" content=\"image\/png\" \/>\n<meta name=\"twitter:card\" content=\"summary_large_image\" \/>\n<meta name=\"twitter:label1\" content=\"Est. reading time\" \/>\n\t<meta name=\"twitter:data1\" content=\"1 minute\" \/>\n<script type=\"application\/ld+json\" class=\"yoast-schema-graph\">{\"@context\":\"https:\\\/\\\/schema.org\",\"@graph\":[{\"@type\":\"WebPage\",\"@id\":\"https:\\\/\\\/blog.medel.com\\\/legal-notice\\\/\",\"url\":\"https:\\\/\\\/blog.medel.com\\\/legal-notice\\\/\",\"name\":\"Contenido-Legal - The MED-EL Blog\",\"isPartOf\":{\"@id\":\"https:\\\/\\\/blog.medel.com\\\/#website\"},\"datePublished\":\"2023-03-06T14:59:47+00:00\",\"dateModified\":\"2023-03-28T09:44:19+00:00\",\"breadcrumb\":{\"@id\":\"https:\\\/\\\/blog.medel.com\\\/legal-notice\\\/#breadcrumb\"},\"inLanguage\":\"es\",\"potentialAction\":[{\"@type\":\"ReadAction\",\"target\":[\"https:\\\/\\\/blog.medel.com\\\/legal-notice\\\/\"]}]},{\"@type\":\"BreadcrumbList\",\"@id\":\"https:\\\/\\\/blog.medel.com\\\/legal-notice\\\/#breadcrumb\",\"itemListElement\":[{\"@type\":\"ListItem\",\"position\":1,\"name\":\"Home\",\"item\":\"https:\\\/\\\/blog.medel.com\\\/latam\\\/\"},{\"@type\":\"ListItem\",\"position\":2,\"name\":\"Contenido-Legal\"}]},{\"@type\":\"WebSite\",\"@id\":\"https:\\\/\\\/blog.medel.com\\\/#website\",\"url\":\"https:\\\/\\\/blog.medel.com\\\/\",\"name\":\"The MED-EL Blog\",\"description\":\"\",\"publisher\":{\"@id\":\"https:\\\/\\\/blog.medel.com\\\/#organization\"},\"potentialAction\":[{\"@type\":\"SearchAction\",\"target\":{\"@type\":\"EntryPoint\",\"urlTemplate\":\"https:\\\/\\\/blog.medel.com\\\/?s={search_term_string}\"},\"query-input\":{\"@type\":\"PropertyValueSpecification\",\"valueRequired\":true,\"valueName\":\"search_term_string\"}}],\"inLanguage\":\"es\"},{\"@type\":\"Organization\",\"@id\":\"https:\\\/\\\/blog.medel.com\\\/#organization\",\"name\":\"The MED-EL Blog\",\"url\":\"https:\\\/\\\/blog.medel.com\\\/\",\"logo\":{\"@type\":\"ImageObject\",\"inLanguage\":\"es\",\"@id\":\"https:\\\/\\\/blog.medel.com\\\/#\\\/schema\\\/logo\\\/image\\\/\",\"url\":\"https:\\\/\\\/blog.medel.com\\\/wp-content\\\/uploads\\\/2023\\\/02\\\/MED-EL_logo_L2.png\",\"contentUrl\":\"https:\\\/\\\/blog.medel.com\\\/wp-content\\\/uploads\\\/2023\\\/02\\\/MED-EL_logo_L2.png\",\"width\":443,\"height\":200,\"caption\":\"The MED-EL Blog\"},\"image\":{\"@id\":\"https:\\\/\\\/blog.medel.com\\\/#\\\/schema\\\/logo\\\/image\\\/\"}}]}<\/script>\n<!-- \/ Yoast SEO plugin. -->","yoast_head_json":{"title":"Contenido-Legal - The MED-EL Blog","robots":{"index":"index","follow":"follow","max-snippet":"max-snippet:-1","max-image-preview":"max-image-preview:large","max-video-preview":"max-video-preview:-1"},"canonical":"https:\/\/blog.medel.com\/legal-notice\/","og_locale":"es_ES","og_type":"article","og_title":"Contenido-Legal - The MED-EL Blog","og_description":"Aviso legal Responsable del contenido: MED\u2212EL Elektromedizinische Ger\u00e4te Gesellschaft m.b.H. F\u00fcrstenweg 77a 6020 Innsbruck Austria Tel.: +43 5 77 88 office@medel.com N\u00famero de registro: FN 48608h N\u00daMERO UST.-ID: ATU 31722507 CEO: Univ.Doz. Dr. Ingeborg Hochmair","og_url":"https:\/\/blog.medel.com\/legal-notice\/","og_site_name":"The MED-EL Blog","article_modified_time":"2023-03-28T09:44:19+00:00","og_image":[{"width":443,"height":200,"url":"https:\/\/blog.medel.com\/wp-content\/uploads\/2023\/02\/MED-EL_logo_L2.png","type":"image\/png"}],"twitter_card":"summary_large_image","twitter_misc":{"Est. reading time":"1 minute"},"schema":{"@context":"https:\/\/schema.org","@graph":[{"@type":"WebPage","@id":"https:\/\/blog.medel.com\/legal-notice\/","url":"https:\/\/blog.medel.com\/legal-notice\/","name":"Contenido-Legal - The MED-EL Blog","isPartOf":{"@id":"https:\/\/blog.medel.com\/#website"},"datePublished":"2023-03-06T14:59:47+00:00","dateModified":"2023-03-28T09:44:19+00:00","breadcrumb":{"@id":"https:\/\/blog.medel.com\/legal-notice\/#breadcrumb"},"inLanguage":"es","potentialAction":[{"@type":"ReadAction","target":["https:\/\/blog.medel.com\/legal-notice\/"]}]},{"@type":"BreadcrumbList","@id":"https:\/\/blog.medel.com\/legal-notice\/#breadcrumb","itemListElement":[{"@type":"ListItem","position":1,"name":"Home","item":"https:\/\/blog.medel.com\/latam\/"},{"@type":"ListItem","position":2,"name":"Contenido-Legal"}]},{"@type":"WebSite","@id":"https:\/\/blog.medel.com\/#website","url":"https:\/\/blog.medel.com\/","name":"The MED-EL Blog","description":"","publisher":{"@id":"https:\/\/blog.medel.com\/#organization"},"potentialAction":[{"@type":"SearchAction","target":{"@type":"EntryPoint","urlTemplate":"https:\/\/blog.medel.com\/?s={search_term_string}"},"query-input":{"@type":"PropertyValueSpecification","valueRequired":true,"valueName":"search_term_string"}}],"inLanguage":"es"},{"@type":"Organization","@id":"https:\/\/blog.medel.com\/#organization","name":"The MED-EL Blog","url":"https:\/\/blog.medel.com\/","logo":{"@type":"ImageObject","inLanguage":"es","@id":"https:\/\/blog.medel.com\/#\/schema\/logo\/image\/","url":"https:\/\/blog.medel.com\/wp-content\/uploads\/2023\/02\/MED-EL_logo_L2.png","contentUrl":"https:\/\/blog.medel.com\/wp-content\/uploads\/2023\/02\/MED-EL_logo_L2.png","width":443,"height":200,"caption":"The MED-EL Blog"},"image":{"@id":"https:\/\/blog.medel.com\/#\/schema\/logo\/image\/"}}]}},"_links":{"self":[{"href":"https:\/\/blog.medel.com\/latam\/wp-json\/wp\/v2\/pages\/56805","targetHints":{"allow":["GET"]}}],"collection":[{"href":"https:\/\/blog.medel.com\/latam\/wp-json\/wp\/v2\/pages"}],"about":[{"href":"https:\/\/blog.medel.com\/latam\/wp-json\/wp\/v2\/types\/page"}],"author":[{"embeddable":true,"href":"https:\/\/blog.medel.com\/latam\/wp-json\/wp\/v2\/users\/1"}],"replies":[{"embeddable":true,"href":"https:\/\/blog.medel.com\/latam\/wp-json\/wp\/v2\/comments?post=56805"}],"version-history":[{"count":2,"href":"https:\/\/blog.medel.com\/latam\/wp-json\/wp\/v2\/pages\/56805\/revisions"}],"predecessor-version":[{"id":74982,"href":"https:\/\/blog.medel.com\/latam\/wp-json\/wp\/v2\/pages\/56805\/revisions\/74982"}],"wp:attachment":[{"href":"https:\/\/blog.medel.com\/latam\/wp-json\/wp\/v2\/media?parent=56805"}],"curies":[{"name":"wp","href":"https:\/\/api.w.org\/{rel}","templated":true}]}}