{"id":62249,"date":"2016-12-21T13:12:17","date_gmt":"2016-12-21T13:12:17","guid":{"rendered":"https:\/\/blog.medel.com\/datenschutz\/"},"modified":"2025-06-10T13:38:23","modified_gmt":"2025-06-10T11:38:23","slug":"datenschutz","status":"publish","type":"page","link":"https:\/\/blog.medel.com\/de\/datenschutz\/","title":{"rendered":"Datenschutz"},"content":{"rendered":"<p>Diese Datenschutzerkl\u00e4rung gibt Auskunft dar\u00fcber, wie MED-EL Informationen und Daten verwendet und sch\u00fctzt, die Sie MED-EL im Rahmen der Benutzung dieser Website zur Verf\u00fcgung stellen.<\/p>\n<p>Der Schutz Ihrer Daten genie\u00dft bei MED-EL oberste Priorit\u00e4t. Wir fragen Sie nur nach bestimmten Arten von pers\u00f6nlichen Daten, die uns in die Lage versetzen, Ihren Kauf zu verarbeiten oder Ihnen Dienstleistungen bereitzustellen, die Nutzung der Website zu erleichtern, Ihre Bewerbung zu bearbeiten, auf Informationsanforderungen Ihrerseits zu reagieren, die Kundenbeziehung mit Ihnen aufrechtzuerhalten, Sie bei technischen Problemen zu unterst\u00fctzen oder nach Ihrem Besuch Kontakt mit Ihnen aufzunehmen, sofern Sie dies w\u00fcnschen.<br \/>\nIn den F\u00e4llen, in denen Informationen angefordert werden, die bei einem Besuch dieser Website R\u00fcckschl\u00fcsse auf Ihre Person zulassen, garantieren wir, dass diese Informationen nur gem\u00e4\u00df den Festlegungen dieser Datenschutzerkl\u00e4rung verwendet werden.<\/p>\n<p>Bei Fragen oder Bedenken hinsichtlich des Datenschutzes k\u00f6nnen Sie sich jederzeit an MED-EL wenden. Sie k\u00f6nnen auch zu jedem Zeitpunkt Einsicht in die pers\u00f6nlichen Daten verlangen, die Sie uns zur Verf\u00fcgung gestellt haben. Auf Wunsch korrigieren oder l\u00f6schen wir diese Daten in Ihrem Auftrag. Zur Gew\u00e4hrleistung der Sicherheit Ihrer pers\u00f6nlichen Daten kommen entsprechende Ma\u00dfnahmen und Verfahren zur Anwendung.<\/p>\n<p>MED-EL kann diese Datenschutzerkl\u00e4rung jederzeit \u00e4ndern, indem die Informationen auf dieser Seite aktualisiert werden. Wir empfehlen, diese Seite von Zeit zu Zeit zu besuchen und zu pr\u00fcfen, ob Sie weiterhin mit dem Inhalt unserer Datenschutzerkl\u00e4rung einverstanden sind. Diese Datenschutzerkl\u00e4rung ist am 19.03.2010 in Kraft getreten.<\/p>\n<h2>Welche Daten werden erfasst?<\/h2>\n<p>Wir k\u00f6nnen die folgenden Daten erfassen:<\/p>\n<ul>\n<li>Name<\/li>\n<li>Kontaktinformationen, einschlie\u00dflich E-Mail-Adresse<\/li>\n<li>demografische Informationen, wie Postleitzahl, Pr\u00e4ferenzen und Interessen<\/li>\n<li>sonstige Informationen, die f\u00fcr Marktforschungsstudien relevant sind<\/li>\n<li>f\u00fcr Bewerbungen, zus\u00e4tzlich zu Name und Kontaktdaten die von Ihnen angegebenen pers\u00f6nlichen Daten, Ausbildungen, weitere Kenntnisse und Qualifikationen, Vordienstgeber sowie mitgesendete Dokumente wie Lebenslauf, Zeugnisse usw.<\/li>\n<\/ul>\n<p>&nbsp;<\/p>\n<h2>Was passiert mit den erfassten Daten?<\/h2>\n<p>Wir erfassen diese Daten, um Ihre Anforderungen und W\u00fcnsche besser verstehen und Ihnen einen besseren Service bieten zu k\u00f6nnen. Im Folgenden haben wir die wichtigsten Gr\u00fcnde daf\u00fcr zusammengestellt, warum wir bestimmte Daten erfassen:<\/p>\n<ul>\n<li>interne Datenspeicherung<\/li>\n<li>Verbesserung unserer Produkte und Dienstleistungen<\/li>\n<li>Bereitstellung von Informationen zu neuen Produkten, Sonderangeboten oder anderen Informationen, die f\u00fcr Sie von Interesse sein k\u00f6nnten, per E-Mail an die von Ihnen angegebene E-Mail-Adresse. Wenn Sie keine E-Mails mehr von uns erhalten m\u00f6chten, <a href=\"http:\/\/www.medel.com\/de\/show\/index\/id\/272\/title\/CONTACT\">setzen Sie sich bitte mit uns in Verbindung<\/a>.<\/li>\n<li>Marktforschungszwecke: Von Zeit zu Zeit kontaktieren wir Sie m\u00f6glicherweise per E-Mail, Telefon, Fax oder Post. Die so gewonnenen Informationen k\u00f6nnen zur Anpassung der Website gem\u00e4\u00df Ihren Interessen verwendet werden.<\/li>\n<li>Bewerbermanagement: F\u00fcr Bewerbungen zur Verf\u00fcgung gestellte Daten werden ausschlie\u00dflich zum Zweck der Personalauswahl verwendet. Es erfolgt keine Zusendung von Werbeinformationen etc. Zugriff auf die Daten haben nur jene Personen, in deren Aufgabenbereich die Bearbeitung der Bewerbungen f\u00e4llt.<\/li>\n<\/ul>\n<p>&nbsp;<\/p>\n<h2>Sicherheit<\/h2>\n<p>MED-EL ist der Sicherheit und dem Schutz Ihrer Daten und Informationen verpflichtet. Um jegliche unbefugte Nutzung oder Weitergabe auszuschlie\u00dfen, haben wir geeignete physische, elektronische und administrative Ma\u00dfnahmen ergriffen, die die Sicherheit und Unversehrtheit der online erfassten Informationen gew\u00e4hrleisten.<\/p>\n<h2>Verwendung von Cookies<\/h2>\n<p>Ein Cookie ist eine kleine Datei, die auf der Festplatte Ihres Computers abgelegt wird, wenn Sie dies zulassen. Cookies helfen dabei, den Webverkehr zu analysieren, oder teilen Ihnen mit, wenn Sie eine bestimmte Seite besuchen. Dank Cookies k\u00f6nnen Webanwendungen direkt auf den jeweiligen Nutzer eingehen. Die Webanwendung kann mithilfe des Cookies Informationen dar\u00fcber sammeln, was der Nutzer mag oder nicht mag, und so individuell zugeschnittene Webseiten pr\u00e4sentieren.<\/p>\n<p>Zur Identifizierung der Seiten, die Sie besuchen, greifen wir auf sogenannte \u201eTraffic-Log-Cookies\u201c zur\u00fcck. Dies hilft uns dabei, Daten zum Webseitenverkehr zu analysieren und unsere Website so zu verbessern, dass Sie Ihren Anforderungen m\u00f6glichst gerecht wird. Diese Informationen werden nur zu statistischen Analysezwecken verwendet. Anschlie\u00dfend werden die Daten entfernt und aus dem System gel\u00f6scht.<\/p>\n<p>Alles in allem helfen uns die Cookies dabei, Ihnen eine bessere Website zur Verf\u00fcgung zu stellen, indem Sie uns in die Lage versetzen zu beobachten, welche Seiten Sie n\u00fctzlich finden und welche nicht. Ein Cookie erm\u00f6glicht uns in keiner Weise, auf Ihren Computer oder irgendwelche anderen Informationen zu Ihrer Person zuzugreifen, die Sie uns nicht selbst zur Verf\u00fcgung gestellt haben.<\/p>\n<p>Sie k\u00f6nnen das Ablegen von Cookies zulassen oder ablehnen. Die meisten Webbrowser sind so eingestellt, dass Cookies automatisch akzeptiert werden. In der Regel haben Sie aber die M\u00f6glichkeit, Ihre Browsereinstellungen zu \u00e4ndern, damit alle Cookies abgelehnt werden oder das Ablegen eines Cookies Ihrer vorherigen Zustimmung bedarf. Wenn Sie sich gegen das Ablegen von Cookies entscheiden, kann es passieren, dass Ihnen nicht die gesamte Funktionalit\u00e4t der Website zur Verf\u00fcgung steht.<\/p>\n<h2>Links zu anderen Websites<\/h2>\n<p>Unsere Website kann Links zu anderen interessanten Websites enthalten. Beachten Sie jedoch, dass Sie durch das Klicken auf diese Links unsere Website verlassen und wir keinerlei Einfluss auf externe Websites haben. Wir sind daher nicht f\u00fcr den Schutz und die Sicherheit von Informationen und Daten verantwortlich, die Sie beim Besuch solcher Websites zur Verf\u00fcgung stellen. Diese Datenschutzerkl\u00e4rung gilt ausdr\u00fccklich nicht f\u00fcr externe Websites. Wir raten Ihnen zu erh\u00f6hter Vorsicht und legen Ihnen nahe, sich die f\u00fcr die fragliche Website geltende Datenschutzerkl\u00e4rung durchzulesen.<\/p>\n<h2>Verwalten Ihrer pers\u00f6nlichen Informationen<\/h2>\n<p>Ihre pers\u00f6nlichen Daten werden weder verkauft noch weitergegeben oder vermietet, sofern Sie einer solchen Weitergabe nicht zustimmen oder wir nicht gesetzlich zu einer solchen Weitergabe verpflichtet sind. Bei Vorliegen Ihrer Einwilligung k\u00f6nnen wir Ihre pers\u00f6nlichen Informationen verwenden, um Ihnen Werbeinformationen \u00fcber Drittanbieter zuzusenden, die nach unserem Daf\u00fcrhalten f\u00fcr Sie von Interesse sein k\u00f6nnten.<\/p>\n<p>Wenn\u00a0Sie der Meinung sind, dass bei uns gespeicherte Informationen \u00fcber Sie falsch oder unvollst\u00e4ndig sind, schreiben Sie uns bitte eine E-Mail an marketing[at]medel.com. Wir werden schnellstm\u00f6glich alle nicht korrekten Informationen korrigieren.<\/p>\n<h2>Google Analytics<\/h2>\n<p>Diese Website benutzt Google Analytics, einen Webanalysedienst der Google Inc. (\u201eGoogle\u201c). Google Analytics verwendet sogenannte \u201eCookies\u201c, Textdateien, die auf Ihrem Computer gespeichert werden und die eine Analyse der Benutzung der Website durch Sie erm\u00f6glichen. Die durch den Cookie erzeugten Informationen \u00fcber Ihre Benutzung dieser Website (einschlie\u00dflich Ihrer IP-Adresse) werden an einen Server von Google in den USA \u00fcbertragen und dort gespeichert. Google wird diese Informationen benutzen, um Ihre Nutzung der Website auszuwerten, um Reports \u00fcber die Websiteaktivit\u00e4ten f\u00fcr die Websitebetreiber zusammenzustellen und um weitere mit der Websitenutzung und der Internetnutzung verbundene Dienstleistungen zu erbringen. Auch wird Google diese Informationen gegebenenfalls an Dritte \u00fcbertragen, sofern dies gesetzlich vorgeschrieben ist oder soweit Dritte diese Daten im Auftrag von Google verarbeiten. Google wird in keinem Fall Ihre IP-Adresse mit anderen Daten von Google in Verbindung bringen. Sie k\u00f6nnen die Installation der Cookies durch eine entsprechende Einstellung Ihrer Browser Software verhindern; wir weisen Sie jedoch darauf hin, dass Sie in diesem Fall gegebenenfalls nicht s\u00e4mtliche Funktionen dieser Website vollumf\u00e4nglich nutzen k\u00f6nnen. Durch die Nutzung dieser Website erkl\u00e4ren Sie sich mit der Bearbeitung der \u00fcber Sie erhobenen Daten durch Google in der zuvor beschriebenen Art und Weise und zu dem zuvor benannten Zweck einverstanden.<\/p>\n","protected":false},"excerpt":{"rendered":"<p>Diese Datenschutzerkl\u00e4rung gibt Auskunft dar\u00fcber, wie MED-EL Informationen und Daten verwendet und sch\u00fctzt, die Sie MED-EL im Rahmen der Benutzung dieser Website zur Verf\u00fcgung stellen. Der Schutz Ihrer Daten genie\u00dft bei MED-EL oberste Priorit\u00e4t. Wir fragen Sie nur nach bestimmten Arten von pers\u00f6nlichen Daten, die uns in die Lage versetzen, Ihren Kauf zu verarbeiten oder [&hellip;]<\/p>\n","protected":false},"author":8,"featured_media":0,"parent":0,"menu_order":0,"comment_status":"closed","ping_status":"open","template":"templates\/page-template.php","meta":{"footnotes":""},"class_list":["post-62249","page","type-page","status-publish","hentry"],"yoast_head":"<!-- This site is optimized with the Yoast SEO plugin v27.5 - https:\/\/yoast.com\/product\/yoast-seo-wordpress\/ -->\n<title>Datenschutz | The MED-EL Blog<\/title>\n<meta name=\"robots\" content=\"index, follow, max-snippet:-1, max-image-preview:large, max-video-preview:-1\" \/>\n<link rel=\"canonical\" href=\"https:\/\/blog.medel.com\/de\/datenschutz\/\" \/>\n<meta property=\"og:locale\" content=\"de_DE\" \/>\n<meta property=\"og:type\" content=\"article\" \/>\n<meta property=\"og:title\" content=\"Datenschutz | The MED-EL Blog\" \/>\n<meta property=\"og:description\" content=\"Diese Datenschutzerkl\u00e4rung gibt Auskunft dar\u00fcber, wie MED-EL Informationen und Daten verwendet und sch\u00fctzt, die Sie MED-EL im Rahmen der Benutzung dieser Website zur Verf\u00fcgung stellen. Der Schutz Ihrer Daten genie\u00dft bei MED-EL oberste Priorit\u00e4t. Wir fragen Sie nur nach bestimmten Arten von pers\u00f6nlichen Daten, die uns in die Lage versetzen, Ihren Kauf zu verarbeiten oder [&hellip;]\" \/>\n<meta property=\"og:url\" content=\"https:\/\/blog.medel.com\/de\/datenschutz\/\" \/>\n<meta property=\"og:site_name\" content=\"The MED-EL Blog\" \/>\n<meta property=\"article:modified_time\" content=\"2025-06-10T11:38:23+00:00\" \/>\n<meta property=\"og:image\" content=\"https:\/\/blog.medel.com\/wp-content\/uploads\/2023\/02\/MED-EL_logo_L2.png\" \/>\n\t<meta property=\"og:image:width\" content=\"443\" \/>\n\t<meta property=\"og:image:height\" content=\"200\" \/>\n\t<meta property=\"og:image:type\" content=\"image\/png\" \/>\n<meta name=\"twitter:card\" content=\"summary_large_image\" \/>\n<meta name=\"twitter:label1\" content=\"Gesch\u00e4tzte Lesezeit\" \/>\n\t<meta name=\"twitter:data1\" content=\"5 Minuten\" \/>\n<script type=\"application\/ld+json\" class=\"yoast-schema-graph\">{\"@context\":\"https:\\\/\\\/schema.org\",\"@graph\":[{\"@type\":\"WebPage\",\"@id\":\"https:\\\/\\\/blog.medel.com\\\/de\\\/datenschutz\\\/\",\"url\":\"https:\\\/\\\/blog.medel.com\\\/de\\\/datenschutz\\\/\",\"name\":\"Datenschutz | The MED-EL Blog\",\"isPartOf\":{\"@id\":\"https:\\\/\\\/blog.medel.com\\\/tr\\\/#website\"},\"datePublished\":\"2016-12-21T13:12:17+00:00\",\"dateModified\":\"2025-06-10T11:38:23+00:00\",\"breadcrumb\":{\"@id\":\"https:\\\/\\\/blog.medel.com\\\/de\\\/datenschutz\\\/#breadcrumb\"},\"inLanguage\":\"de-DE\",\"potentialAction\":[{\"@type\":\"ReadAction\",\"target\":[\"https:\\\/\\\/blog.medel.com\\\/de\\\/datenschutz\\\/\"]}]},{\"@type\":\"BreadcrumbList\",\"@id\":\"https:\\\/\\\/blog.medel.com\\\/de\\\/datenschutz\\\/#breadcrumb\",\"itemListElement\":[{\"@type\":\"ListItem\",\"position\":1,\"name\":\"Home\",\"item\":\"https:\\\/\\\/blog.medel.com\\\/\"},{\"@type\":\"ListItem\",\"position\":2,\"name\":\"Datenschutz\"}]},{\"@type\":\"WebSite\",\"@id\":\"https:\\\/\\\/blog.medel.com\\\/tr\\\/#website\",\"url\":\"https:\\\/\\\/blog.medel.com\\\/tr\\\/\",\"name\":\"The MED-EL Blog\",\"description\":\"\",\"publisher\":{\"@id\":\"https:\\\/\\\/blog.medel.com\\\/tr\\\/#organization\"},\"potentialAction\":[{\"@type\":\"SearchAction\",\"target\":{\"@type\":\"EntryPoint\",\"urlTemplate\":\"https:\\\/\\\/blog.medel.com\\\/tr\\\/?s={search_term_string}\"},\"query-input\":{\"@type\":\"PropertyValueSpecification\",\"valueRequired\":true,\"valueName\":\"search_term_string\"}}],\"inLanguage\":\"de-DE\"},{\"@type\":\"Organization\",\"@id\":\"https:\\\/\\\/blog.medel.com\\\/tr\\\/#organization\",\"name\":\"The MED-EL Blog\",\"url\":\"https:\\\/\\\/blog.medel.com\\\/tr\\\/\",\"logo\":{\"@type\":\"ImageObject\",\"inLanguage\":\"de-DE\",\"@id\":\"https:\\\/\\\/blog.medel.com\\\/tr\\\/#\\\/schema\\\/logo\\\/image\\\/\",\"url\":\"https:\\\/\\\/blog.medel.com\\\/wp-content\\\/uploads\\\/2023\\\/02\\\/MED-EL_logo_L2.png\",\"contentUrl\":\"https:\\\/\\\/blog.medel.com\\\/wp-content\\\/uploads\\\/2023\\\/02\\\/MED-EL_logo_L2.png\",\"width\":443,\"height\":200,\"caption\":\"The MED-EL Blog\"},\"image\":{\"@id\":\"https:\\\/\\\/blog.medel.com\\\/tr\\\/#\\\/schema\\\/logo\\\/image\\\/\"}}]}<\/script>\n<!-- \/ Yoast SEO plugin. -->","yoast_head_json":{"title":"Datenschutz | The MED-EL Blog","robots":{"index":"index","follow":"follow","max-snippet":"max-snippet:-1","max-image-preview":"max-image-preview:large","max-video-preview":"max-video-preview:-1"},"canonical":"https:\/\/blog.medel.com\/de\/datenschutz\/","og_locale":"de_DE","og_type":"article","og_title":"Datenschutz | The MED-EL Blog","og_description":"Diese Datenschutzerkl\u00e4rung gibt Auskunft dar\u00fcber, wie MED-EL Informationen und Daten verwendet und sch\u00fctzt, die Sie MED-EL im Rahmen der Benutzung dieser Website zur Verf\u00fcgung stellen. Der Schutz Ihrer Daten genie\u00dft bei MED-EL oberste Priorit\u00e4t. Wir fragen Sie nur nach bestimmten Arten von pers\u00f6nlichen Daten, die uns in die Lage versetzen, Ihren Kauf zu verarbeiten oder [&hellip;]","og_url":"https:\/\/blog.medel.com\/de\/datenschutz\/","og_site_name":"The MED-EL Blog","article_modified_time":"2025-06-10T11:38:23+00:00","og_image":[{"width":443,"height":200,"url":"https:\/\/blog.medel.com\/wp-content\/uploads\/2023\/02\/MED-EL_logo_L2.png","type":"image\/png"}],"twitter_card":"summary_large_image","twitter_misc":{"Gesch\u00e4tzte Lesezeit":"5 Minuten"},"schema":{"@context":"https:\/\/schema.org","@graph":[{"@type":"WebPage","@id":"https:\/\/blog.medel.com\/de\/datenschutz\/","url":"https:\/\/blog.medel.com\/de\/datenschutz\/","name":"Datenschutz | The MED-EL Blog","isPartOf":{"@id":"https:\/\/blog.medel.com\/tr\/#website"},"datePublished":"2016-12-21T13:12:17+00:00","dateModified":"2025-06-10T11:38:23+00:00","breadcrumb":{"@id":"https:\/\/blog.medel.com\/de\/datenschutz\/#breadcrumb"},"inLanguage":"de-DE","potentialAction":[{"@type":"ReadAction","target":["https:\/\/blog.medel.com\/de\/datenschutz\/"]}]},{"@type":"BreadcrumbList","@id":"https:\/\/blog.medel.com\/de\/datenschutz\/#breadcrumb","itemListElement":[{"@type":"ListItem","position":1,"name":"Home","item":"https:\/\/blog.medel.com\/"},{"@type":"ListItem","position":2,"name":"Datenschutz"}]},{"@type":"WebSite","@id":"https:\/\/blog.medel.com\/tr\/#website","url":"https:\/\/blog.medel.com\/tr\/","name":"The MED-EL Blog","description":"","publisher":{"@id":"https:\/\/blog.medel.com\/tr\/#organization"},"potentialAction":[{"@type":"SearchAction","target":{"@type":"EntryPoint","urlTemplate":"https:\/\/blog.medel.com\/tr\/?s={search_term_string}"},"query-input":{"@type":"PropertyValueSpecification","valueRequired":true,"valueName":"search_term_string"}}],"inLanguage":"de-DE"},{"@type":"Organization","@id":"https:\/\/blog.medel.com\/tr\/#organization","name":"The MED-EL Blog","url":"https:\/\/blog.medel.com\/tr\/","logo":{"@type":"ImageObject","inLanguage":"de-DE","@id":"https:\/\/blog.medel.com\/tr\/#\/schema\/logo\/image\/","url":"https:\/\/blog.medel.com\/wp-content\/uploads\/2023\/02\/MED-EL_logo_L2.png","contentUrl":"https:\/\/blog.medel.com\/wp-content\/uploads\/2023\/02\/MED-EL_logo_L2.png","width":443,"height":200,"caption":"The MED-EL Blog"},"image":{"@id":"https:\/\/blog.medel.com\/tr\/#\/schema\/logo\/image\/"}}]}},"_links":{"self":[{"href":"https:\/\/blog.medel.com\/de\/wp-json\/wp\/v2\/pages\/62249","targetHints":{"allow":["GET"]}}],"collection":[{"href":"https:\/\/blog.medel.com\/de\/wp-json\/wp\/v2\/pages"}],"about":[{"href":"https:\/\/blog.medel.com\/de\/wp-json\/wp\/v2\/types\/page"}],"author":[{"embeddable":true,"href":"https:\/\/blog.medel.com\/de\/wp-json\/wp\/v2\/users\/8"}],"replies":[{"embeddable":true,"href":"https:\/\/blog.medel.com\/de\/wp-json\/wp\/v2\/comments?post=62249"}],"version-history":[{"count":1,"href":"https:\/\/blog.medel.com\/de\/wp-json\/wp\/v2\/pages\/62249\/revisions"}],"predecessor-version":[{"id":62250,"href":"https:\/\/blog.medel.com\/de\/wp-json\/wp\/v2\/pages\/62249\/revisions\/62250"}],"wp:attachment":[{"href":"https:\/\/blog.medel.com\/de\/wp-json\/wp\/v2\/media?parent=62249"}],"curies":[{"name":"wp","href":"https:\/\/api.w.org\/{rel}","templated":true}]}}