{"id":56809,"date":"2023-03-06T15:01:27","date_gmt":"2023-03-06T15:01:27","guid":{"rendered":"https:\/\/blog.medel.com\/?page_id=56809"},"modified":"2023-09-28T14:33:06","modified_gmt":"2023-09-28T12:33:06","slug":"impressum","status":"publish","type":"page","link":"https:\/\/blog.medel.com\/de\/impressum\/","title":{"rendered":"Impressum"},"content":{"rendered":"<header id=\"mk-header-1\" class=\"mk-header header-style-2 header-align-left toolbar-true menu-hover-2 sticky-style-fixed mk-background-stretch boxed-header a-sticky\" role=\"banner\" data-height=\"100\" data-sticky-height=\"44\" data-responsive-height=\"41\" data-transparent-skin=\"\" data-header-style=\"2\" data-sticky-style=\"fixed\" data-sticky-offset=\"header\">\n<section id=\"mk-page-introduce\" class=\"intro-left\">\n<div class=\"mk-grid\">\n<h1 class=\"page-title \">Impressum<\/h1>\n<\/div>\n<\/section>\n<\/header>\n<div id=\"theme-page\" class=\"master-holder clearfix\">\n<div class=\"mk-main-wrapper-holder\">\n<div id=\"mk-page-id-4921\" class=\"theme-page-wrapper mk-main-wrapper mk-grid full-layout false\">\n<div class=\"theme-content false\">\n<section class=\"wpb-content-wrapper\">\n<div class=\"wpb_row vc_row vc_row-fluid jupiter-donut- mk-fullwidth-false attched-false js-master-row mk-grid mk-in-viewport\" data-mk-stretch-content=\"true\">\n<div class=\"vc_col-sm-12 wpb_column column_container jupiter-donut- _ jupiter-donut-height-full\">\n<div id=\"text-block-3\" class=\"mk-text-block jupiter-donut- \">\n<h2>Verantwortlich f\u00fcr den Inhalt:<\/h2>\n<\/div>\n<\/div>\n<div class=\"vc_col-sm-6 wpb_column column_container jupiter-donut- _ jupiter-donut-height-full\">\n<div class=\" vc_custom_1659698569274\">\n<div id=\"text-block-5\" class=\"mk-text-block jupiter-donut- \">\n<h3>MED-EL Elektromedizinische Ger\u00e4te Deutschland GmbH<\/h3>\n<p>Moosstr. 7 \/ 2.OG<br \/>\nD-82319 Starnberg, Deutschland<\/p>\n<p>Telefon: +49 8151 77 03 100<\/p>\n<p>E-Mail: office@medel.de<br \/>\nWeb: www.medel.de<\/p>\n<p>Gesch\u00e4ftsf\u00fchrer:\u00a0Gregor Dittrich Dipl.-Phys.<br \/>\nHRB M\u00fcnchen 99230<br \/>\nUst.-IdNr.: DE 128 236 252<\/p>\n<\/div>\n<\/div>\n<\/div>\n<\/div>\n<p>&nbsp;<\/p>\n<div class=\"wpb_row vc_row vc_row-fluid jupiter-donut- mk-fullwidth-false attched-false js-master-row mk-grid mk-in-viewport\" data-mk-stretch-content=\"true\">\n<div class=\"vc_col-sm-6 wpb_column column_container jupiter-donut- _ jupiter-donut-height-full\">\n<div class=\" vc_custom_1659698496835\">\n<div id=\"text-block-7\" class=\"mk-text-block jupiter-donut- \">\n<h3><\/h3>\n<h3>MED-EL Care &amp; Competence Center GmbH<\/h3>\n<p>Moosstr. 7 \/ 2.OG<br \/>\nD-82319 Starnberg, Deutschland<\/p>\n<p>Telefon: +49 (0)8151 \u2013 7703 30<\/p>\n<p>E-Mail: cc-info@medel.de<br \/>\nWeb: www.medel.de<\/p>\n<p>Gesch\u00e4ftsf\u00fchrer: Gregor Dittrich Dipl.-Phys.<br \/>\nHRB M\u00fcnchen 199251<br \/>\nUst.-IdNr.: DE 285 383 728<\/p>\n<\/div>\n<\/div>\n<\/div>\n<\/div>\n<div class=\"wpb_row vc_row vc_row-fluid jupiter-donut- mk-fullwidth-false attched-false js-master-row mk-grid mk-in-viewport\" data-mk-stretch-content=\"true\">\n<div class=\"vc_col-sm-12 wpb_column column_container jupiter-donut- _ jupiter-donut-height-full\">\n<div class=\" vc_custom_1527504207810\">\n<div id=\"text-block-9\" class=\"mk-text-block jupiter-donut- \">\n<p>&nbsp;<\/p>\n<p><strong>AGB f\u00fcr MED-EL Social Media Gewinnspiele<\/strong><\/p>\n<ol>\n<li>Das Gewinnspiel steht in keiner Verbindung zu Facebook und wird in keiner Weise von Facebook gesponsert, unterst\u00fctzt oder organisiert. Sie stellen Ihre Angaben und Informationen ausschlie\u00dflich MED-EL zur Verf\u00fcgung, nicht Facebook.<\/li>\n<li>Teilnahmeinformationen sowie alle Details zu unseren Gewinnspielen werden im jeweiligen Gewinnspiel-Post im entsprechenden Social Media Kanal angegeben. Durch die Teilnahme an einem auf unseren internationalen Social Media Kan\u00e4len ver\u00f6ffentlichten Social Media Gewinnspiel oder Wettbewerb akzeptieren Sie die folgenden von MED-EL festgelegten Bedingungen.<\/li>\n<li>Personen unter 18 Jahren sind von der Teilnahme ausgeschlossen.<\/li>\n<li>Einverst\u00e4ndniserkl\u00e4rung: Durch die Teilnahme stimmt der Teilnehmer diesen Regeln voll und vorbehaltlos zu und best\u00e4tigt und verb\u00fcrgt sich daf\u00fcr, die vorgegebenen Bedingungen einzuhalten. Zus\u00e4tzlich stimmt der Teilnehmer zu, die Entscheidungen von MED-EL in Bezug auf den Inhalt des Gewinnspiels als endg\u00fcltig und rechtlich bindend anzuerkennen.<\/li>\n<li>Gewinnspielbeitr\u00e4ge, die nicht vollst\u00e4ndig sind oder den Regeln und Vorschriften widersprechen, k\u00f6nnen nach eigenem Ermessen von MED-EL von der Teilnahme ausgeschlossen werden.<\/li>\n<li>Gewinnspielbeitr\u00e4ge m\u00fcssen innerhalb der angegebenen Frist bei uns einlagen. Beitr\u00e4ge, die nach Ablauf der angegebenen Frist im jeweiligen Gewinnspiel-Post bei uns eingehen, k\u00f6nnen nicht ber\u00fccksichtigt werden.<\/li>\n<li>Abh\u00e4ngig von den Regeln des jeweiligen Gewinnspiels werden die Gewinner entweder zuf\u00e4llig gezogen oder basierend auf Kriterien wie Originalit\u00e4t, Kreativit\u00e4t, Einfallsreichtum, Innovation o.a. von einem Team im MED-EL Hauptsitz in Innsbruck (\u00d6sterreich) ermittelt.<\/li>\n<li>Mit der \u00dcbermittlung des Gewinnspielbeitrages versteht und akzeptiert der Teilnehmer, dass MED-EL keinerlei Verpflichtung hat, den Beitrag neu zu ver\u00f6ffentlichen.<\/li>\n<li>Die Teilnahme am Gewinnspiel ist kostenlos, freiwillig und mit keiner Kaufverpflichtung verbunden. Der Erwerb eines Produktes erh\u00f6ht die Gewinnchancen nicht.<\/li>\n<li>Jede Person kann so oft am Gewinnspiel teilnehmen, wie sie m\u00f6chte, dies erh\u00f6ht jedoch nicht unbedingt die Chancen auf einen Gewinn. MED-EL beh\u00e4lt sich das Recht vor, Eintr\u00e4ge zu l\u00f6schen, die als Spam eingestuft werden.<\/li>\n<li>Mit der \u00dcbermittlung des Gewinnspielbeitrages ist der Teilnehmer einverstanden, dass MED-EL bzw. im Auftrag von MED-EL handelnde Personen und MED-EL Lizenznehmer, Nachfolger und Bevollm\u00e4chtigte gem\u00e4\u00df den gesetzlichen Bestimmungen das Recht haben, den Gewinnspielbeitrag, den Namen des Teilnehmers, Kommentare zum Gewinnspiel oder andere biografische Daten in jedem derzeit bekannten oder zuk\u00fcnftig entwickelten Medium abzudrucken, zu ver\u00f6ffentlichen, zu verbreiten und zu verteilen, zum Zwecke von Nachrichten, Ver\u00f6ffentlichungen, Informationsweitergabe, Handel, Werbung und \u00d6ffentlichkeitsarbeit, ohne dass es daf\u00fcr einer Kompensation, Benachrichtigung, Pr\u00fcfung oder Zustimmung bedarf.<\/li>\n<li>Der Teilnehmer verb\u00fcrgt sich daf\u00fcr, dass die von ihm eingesandten Gewinnspielbeitr\u00e4ge von ihm selbst erstellt wurden und sein geistiges Eigentum sind.<\/li>\n<li>Gewinner werden mittels einer privaten Nachricht auf Facebook innerhalb einer Woche nach Ziehung verst\u00e4ndigt. MED-EL kann nicht zur Verantwortung gezogen werden, wenn der Gewinner die Gewinnbenachrichtigung nicht erh\u00e4lt, weil diese bei ihm als Spam eingestuft wird, die Sicherheitseinstellungen eine Benachrichtigung verhindern oder inkorrekte bzw. nicht-funktionierende Kontaktinformationen bereitgestellt wurden. Wenn der Gewinner nicht verst\u00e4ndigt werden kann, f\u00fcr den Gewinn nicht in Frage kommt oder den Preis nicht innerhalb von 14 Tagen ab dem Zeitpunkt der Gewinnbenachrichtigung annimmt und einfordert, oder wenn der Gewinner verabs\u00e4umt, zeitgerecht eine vollst\u00e4ndige und unterzeichnete Erkl\u00e4rung und Ver\u00f6ffentlichungserlaubnis zu \u00fcbermitteln, wird der Preis zur\u00fcckgenommen und ein anderer Gewinner ausgew\u00e4hlt.<\/li>\n<li>Die Entscheidung von MED-EL ist endg\u00fcltig und es wird diesbez\u00fcglich keine Korrespondenz gef\u00fchrt. Der Preis kann nicht gegen Bargeld, eine Gutschrift oder eine Dienstleistung umgetauscht werden und es wird diesbez\u00fcglich keine Korrespondenz gef\u00fchrt. Der tats\u00e4chliche\/gesch\u00e4tzte Wert des Gewinns kann vom Wert zum Zeitpunkt der \u00dcbergabe abweichen.<\/li>\n<li>Das Gewinnspiel unterliegt allen zutreffenden Bundes-, Landes- und lokalen Gesetzen und Regulierungen. Wo derartige Wettbewerbe verboten sind, ist dieses Gewinnspiel ebenfalls ung\u00fcltig. Sollte MED-EL nach alleinigem Ermessen zu der Erkenntnis gelangen, dass der Gewinner diese offiziellen Regeln verletzt, wird er als Gewinner dieses Gewinnspiels disqualifiziert und verliert alle damit verbundenen Privilegien mit sofortiger Wirkung. Gewinnspielbeitr\u00e4ge k\u00f6nnen vom Gewinnspiel ausgeschlossen werden, wenn bestimmte Produkte in dem Land der teilnehmenden Person noch nicht bewilligt oder verf\u00fcgbar sind.<\/li>\n<li>Mit der Teilnahme am Gewinnspiel erkl\u00e4ren sich die Teilnehmer mit diesen AGB einverstanden und erkennen an, dass jegliche Entscheidung von MED-EL im Zusammenhang mit diesem Gewinnspiel endg\u00fcltig und bindend ist.<\/li>\n<li>Alle Beitr\u00e4ge gelten in dem Moment als zugestellt, wenn Sie bei MED-EL eingegangen sind und NICHT zum Zeitpunkt des Absendens durch den Teilnehmer. Die MED-EL Aufzeichnungen \u00fcber den Zeitpunkt des Erhalts eines Gewinnspielbeitrages dienen dabei als alleiniges Beweismittel. Beitr\u00e4ge, die zu sp\u00e4t geschickt, verloren, gestohlen, falsch adressiert, besch\u00e4digt, nachgebildet oder ver\u00e4ndert wurden bzw. illegal, unvollst\u00e4ndig oder unleserlich sind, sind ung\u00fcltig. MED-EL ist weder f\u00fcr derartige Beitr\u00e4ge noch f\u00fcr jegliche andere Fehler, technische Fehlfunktionen, Verluste, Ausf\u00e4lle, Kommunikationsverz\u00f6gerungen oder St\u00f6rungen verantwortlich.<\/li>\n<li>MED-EL beh\u00e4lt sich das Recht vor, diese AGB anzupassen, sowie dieses Gewinnspiel jederzeit und ohne vorherige Ank\u00fcndigung abzubrechen, zu beenden oder zu annullieren.<\/li>\n<li>Die Gewinnspielpreise k\u00f6nnen von den dargestellten Preisen u.a. in Farbe, Gr\u00f6\u00dfe und Art abweichen. MED-EL beh\u00e4lt sich das Recht vor, den angebotenen Preis zu \u00e4ndern.<\/li>\n<li>Einige Gewinnspiele k\u00f6nnen auf bestimmte L\u00e4nder beschr\u00e4nkt sein. Daher ist es m\u00f6glich, dass Beitr\u00e4ge aus anderen L\u00e4ndern vom Gewinn ausgeschlossen werden. MED-EL tut sein Bestes, um sicherzustellen, dass Preise nur f\u00fcr Beitr\u00e4ge aus zur Teilnahme berechtigten L\u00e4ndern vergeben werden. Sollte dies einmal nicht der Fall sein, \u00fcbernimmt MED-EL keine Verantwortung.<\/li>\n<li>Eingeschr\u00e4nkte G\u00fcltigkeit Mit der Teilnahme stimmen Sie zu, MED-EL und seine Niederlassungen, Tochtergesellschaften, Werbe- und PR-Agenturen, Partner, Vertreter, Bevollm\u00e4chtigte, Nachfolger, Rechtsnachfolger, Mitarbeiter, F\u00fchrungskr\u00e4fte und Gesch\u00e4ftsf\u00fchrer schad- und klaglos zu halten in Bezug auf Krankheit, Verletzung, Todesfall, Verlust, Rechtsstreitigkeit, Forderung oder Schaden, welche(r) direkt oder indirekt, fahrl\u00e4ssig oder nicht fahrl\u00e4ssig, verursacht wurde aufgrund: (i) der Teilnahme des Teilnehmers am Gewinnspiel und\/oder dessen Zustimmung, Besitz, Verwendung oder Missbrauch des Preises oder Teilen davon; (ii) technisches Versagen jeglicher Art, inklusive, aber nicht begrenzt auf die Fehlfunktion eines Computers, Kabels, Netzwerks, Hardware oder Software, oder anderen mechanischen Zubeh\u00f6rs; (iii) das nicht Vorhandensein oder die Unzug\u00e4gnglichkeit von \u00dcbertragungen, Telefonverbindung oder Internetservice; (iv) nicht autorisiertes menschliches Eingreifen im Laufe der Einreichung des Gewinnspielbeitrages oder w\u00e4hrend des Gewinnspiels selbst; (v) elektronische oder menschliche Fehler bei der Administration des Gewinnspiels oder der Verarbeitung der eingereichten Beitr\u00e4ge.<\/li>\n<\/ol>\n<\/div>\n<\/div>\n<\/div>\n<\/div>\n<\/section>\n<\/div>\n<\/div>\n<\/div>\n<\/div>\n","protected":false},"excerpt":{"rendered":"<p>Impressum Verantwortlich f\u00fcr den Inhalt: MED-EL Elektromedizinische Ger\u00e4te Deutschland GmbH Moosstr. 7 \/ 2.OG D-82319 Starnberg, Deutschland Telefon: +49 8151 77 03 100 E-Mail: office@medel.de Web: www.medel.de Gesch\u00e4ftsf\u00fchrer:\u00a0Gregor Dittrich Dipl.-Phys. HRB M\u00fcnchen 99230 Ust.-IdNr.: DE 128 236 252 &nbsp; MED-EL Care &amp; Competence Center GmbH Moosstr. 7 \/ 2.OG D-82319 Starnberg, Deutschland Telefon: +49 (0)8151 [&hellip;]<\/p>\n","protected":false},"author":1,"featured_media":0,"parent":0,"menu_order":0,"comment_status":"closed","ping_status":"closed","template":"templates\/page-template.php","meta":{"footnotes":""},"class_list":["post-56809","page","type-page","status-publish","hentry"],"yoast_head":"<!-- This site is optimized with the Yoast SEO plugin v27.3 - https:\/\/yoast.com\/product\/yoast-seo-wordpress\/ -->\n<title>Impressum - The MED-EL Blog<\/title>\n<meta name=\"robots\" content=\"index, follow, max-snippet:-1, max-image-preview:large, max-video-preview:-1\" \/>\n<link rel=\"canonical\" href=\"https:\/\/blog.medel.com\/de\/impressum\/\" \/>\n<meta property=\"og:locale\" content=\"de_DE\" \/>\n<meta property=\"og:type\" content=\"article\" \/>\n<meta property=\"og:title\" content=\"Impressum - The MED-EL Blog\" \/>\n<meta property=\"og:description\" content=\"Impressum Verantwortlich f\u00fcr den Inhalt: MED-EL Elektromedizinische Ger\u00e4te Deutschland GmbH Moosstr. 7 \/ 2.OG D-82319 Starnberg, Deutschland Telefon: +49 8151 77 03 100 E-Mail: office@medel.de Web: www.medel.de Gesch\u00e4ftsf\u00fchrer:\u00a0Gregor Dittrich Dipl.-Phys. HRB M\u00fcnchen 99230 Ust.-IdNr.: DE 128 236 252 &nbsp; MED-EL Care &amp; Competence Center GmbH Moosstr. 7 \/ 2.OG D-82319 Starnberg, Deutschland Telefon: +49 (0)8151 [&hellip;]\" \/>\n<meta property=\"og:url\" content=\"https:\/\/blog.medel.com\/de\/impressum\/\" \/>\n<meta property=\"og:site_name\" content=\"The MED-EL Blog\" \/>\n<meta property=\"article:modified_time\" content=\"2023-09-28T12:33:06+00:00\" \/>\n<meta property=\"og:image\" content=\"https:\/\/blog.medel.com\/wp-content\/uploads\/2023\/02\/MED-EL_logo_L2.png\" \/>\n\t<meta property=\"og:image:width\" content=\"443\" \/>\n\t<meta property=\"og:image:height\" content=\"200\" \/>\n\t<meta property=\"og:image:type\" content=\"image\/png\" \/>\n<meta name=\"twitter:card\" content=\"summary_large_image\" \/>\n<meta name=\"twitter:label1\" content=\"Gesch\u00e4tzte Lesezeit\" \/>\n\t<meta name=\"twitter:data1\" content=\"5 Minuten\" \/>\n<script type=\"application\/ld+json\" class=\"yoast-schema-graph\">{\"@context\":\"https:\\\/\\\/schema.org\",\"@graph\":[{\"@type\":\"WebPage\",\"@id\":\"https:\\\/\\\/blog.medel.com\\\/de\\\/impressum\\\/\",\"url\":\"https:\\\/\\\/blog.medel.com\\\/de\\\/impressum\\\/\",\"name\":\"Impressum - The MED-EL Blog\",\"isPartOf\":{\"@id\":\"https:\\\/\\\/blog.medel.com\\\/id\\\/#website\"},\"datePublished\":\"2023-03-06T15:01:27+00:00\",\"dateModified\":\"2023-09-28T12:33:06+00:00\",\"breadcrumb\":{\"@id\":\"https:\\\/\\\/blog.medel.com\\\/de\\\/impressum\\\/#breadcrumb\"},\"inLanguage\":\"de-DE\",\"potentialAction\":[{\"@type\":\"ReadAction\",\"target\":[\"https:\\\/\\\/blog.medel.com\\\/de\\\/impressum\\\/\"]}]},{\"@type\":\"BreadcrumbList\",\"@id\":\"https:\\\/\\\/blog.medel.com\\\/de\\\/impressum\\\/#breadcrumb\",\"itemListElement\":[{\"@type\":\"ListItem\",\"position\":1,\"name\":\"Home\",\"item\":\"https:\\\/\\\/blog.medel.com\\\/de\\\/\"},{\"@type\":\"ListItem\",\"position\":2,\"name\":\"Impressum\"}]},{\"@type\":\"WebSite\",\"@id\":\"https:\\\/\\\/blog.medel.com\\\/id\\\/#website\",\"url\":\"https:\\\/\\\/blog.medel.com\\\/id\\\/\",\"name\":\"The MED-EL Blog\",\"description\":\"\",\"publisher\":{\"@id\":\"https:\\\/\\\/blog.medel.com\\\/id\\\/#organization\"},\"potentialAction\":[{\"@type\":\"SearchAction\",\"target\":{\"@type\":\"EntryPoint\",\"urlTemplate\":\"https:\\\/\\\/blog.medel.com\\\/id\\\/?s={search_term_string}\"},\"query-input\":{\"@type\":\"PropertyValueSpecification\",\"valueRequired\":true,\"valueName\":\"search_term_string\"}}],\"inLanguage\":\"de-DE\"},{\"@type\":\"Organization\",\"@id\":\"https:\\\/\\\/blog.medel.com\\\/id\\\/#organization\",\"name\":\"The MED-EL Blog\",\"url\":\"https:\\\/\\\/blog.medel.com\\\/id\\\/\",\"logo\":{\"@type\":\"ImageObject\",\"inLanguage\":\"de-DE\",\"@id\":\"https:\\\/\\\/blog.medel.com\\\/id\\\/#\\\/schema\\\/logo\\\/image\\\/\",\"url\":\"https:\\\/\\\/blog.medel.com\\\/wp-content\\\/uploads\\\/2023\\\/02\\\/MED-EL_logo_L2.png\",\"contentUrl\":\"https:\\\/\\\/blog.medel.com\\\/wp-content\\\/uploads\\\/2023\\\/02\\\/MED-EL_logo_L2.png\",\"width\":443,\"height\":200,\"caption\":\"The MED-EL Blog\"},\"image\":{\"@id\":\"https:\\\/\\\/blog.medel.com\\\/id\\\/#\\\/schema\\\/logo\\\/image\\\/\"}}]}<\/script>\n<!-- \/ Yoast SEO plugin. -->","yoast_head_json":{"title":"Impressum - The MED-EL Blog","robots":{"index":"index","follow":"follow","max-snippet":"max-snippet:-1","max-image-preview":"max-image-preview:large","max-video-preview":"max-video-preview:-1"},"canonical":"https:\/\/blog.medel.com\/de\/impressum\/","og_locale":"de_DE","og_type":"article","og_title":"Impressum - The MED-EL Blog","og_description":"Impressum Verantwortlich f\u00fcr den Inhalt: MED-EL Elektromedizinische Ger\u00e4te Deutschland GmbH Moosstr. 7 \/ 2.OG D-82319 Starnberg, Deutschland Telefon: +49 8151 77 03 100 E-Mail: office@medel.de Web: www.medel.de Gesch\u00e4ftsf\u00fchrer:\u00a0Gregor Dittrich Dipl.-Phys. HRB M\u00fcnchen 99230 Ust.-IdNr.: DE 128 236 252 &nbsp; MED-EL Care &amp; Competence Center GmbH Moosstr. 7 \/ 2.OG D-82319 Starnberg, Deutschland Telefon: +49 (0)8151 [&hellip;]","og_url":"https:\/\/blog.medel.com\/de\/impressum\/","og_site_name":"The MED-EL Blog","article_modified_time":"2023-09-28T12:33:06+00:00","og_image":[{"width":443,"height":200,"url":"https:\/\/blog.medel.com\/wp-content\/uploads\/2023\/02\/MED-EL_logo_L2.png","type":"image\/png"}],"twitter_card":"summary_large_image","twitter_misc":{"Gesch\u00e4tzte Lesezeit":"5 Minuten"},"schema":{"@context":"https:\/\/schema.org","@graph":[{"@type":"WebPage","@id":"https:\/\/blog.medel.com\/de\/impressum\/","url":"https:\/\/blog.medel.com\/de\/impressum\/","name":"Impressum - The MED-EL Blog","isPartOf":{"@id":"https:\/\/blog.medel.com\/id\/#website"},"datePublished":"2023-03-06T15:01:27+00:00","dateModified":"2023-09-28T12:33:06+00:00","breadcrumb":{"@id":"https:\/\/blog.medel.com\/de\/impressum\/#breadcrumb"},"inLanguage":"de-DE","potentialAction":[{"@type":"ReadAction","target":["https:\/\/blog.medel.com\/de\/impressum\/"]}]},{"@type":"BreadcrumbList","@id":"https:\/\/blog.medel.com\/de\/impressum\/#breadcrumb","itemListElement":[{"@type":"ListItem","position":1,"name":"Home","item":"https:\/\/blog.medel.com\/de\/"},{"@type":"ListItem","position":2,"name":"Impressum"}]},{"@type":"WebSite","@id":"https:\/\/blog.medel.com\/id\/#website","url":"https:\/\/blog.medel.com\/id\/","name":"The MED-EL Blog","description":"","publisher":{"@id":"https:\/\/blog.medel.com\/id\/#organization"},"potentialAction":[{"@type":"SearchAction","target":{"@type":"EntryPoint","urlTemplate":"https:\/\/blog.medel.com\/id\/?s={search_term_string}"},"query-input":{"@type":"PropertyValueSpecification","valueRequired":true,"valueName":"search_term_string"}}],"inLanguage":"de-DE"},{"@type":"Organization","@id":"https:\/\/blog.medel.com\/id\/#organization","name":"The MED-EL Blog","url":"https:\/\/blog.medel.com\/id\/","logo":{"@type":"ImageObject","inLanguage":"de-DE","@id":"https:\/\/blog.medel.com\/id\/#\/schema\/logo\/image\/","url":"https:\/\/blog.medel.com\/wp-content\/uploads\/2023\/02\/MED-EL_logo_L2.png","contentUrl":"https:\/\/blog.medel.com\/wp-content\/uploads\/2023\/02\/MED-EL_logo_L2.png","width":443,"height":200,"caption":"The MED-EL Blog"},"image":{"@id":"https:\/\/blog.medel.com\/id\/#\/schema\/logo\/image\/"}}]}},"_links":{"self":[{"href":"https:\/\/blog.medel.com\/de\/wp-json\/wp\/v2\/pages\/56809","targetHints":{"allow":["GET"]}}],"collection":[{"href":"https:\/\/blog.medel.com\/de\/wp-json\/wp\/v2\/pages"}],"about":[{"href":"https:\/\/blog.medel.com\/de\/wp-json\/wp\/v2\/types\/page"}],"author":[{"embeddable":true,"href":"https:\/\/blog.medel.com\/de\/wp-json\/wp\/v2\/users\/1"}],"replies":[{"embeddable":true,"href":"https:\/\/blog.medel.com\/de\/wp-json\/wp\/v2\/comments?post=56809"}],"version-history":[{"count":4,"href":"https:\/\/blog.medel.com\/de\/wp-json\/wp\/v2\/pages\/56809\/revisions"}],"predecessor-version":[{"id":78536,"href":"https:\/\/blog.medel.com\/de\/wp-json\/wp\/v2\/pages\/56809\/revisions\/78536"}],"wp:attachment":[{"href":"https:\/\/blog.medel.com\/de\/wp-json\/wp\/v2\/media?parent=56809"}],"curies":[{"name":"wp","href":"https:\/\/api.w.org\/{rel}","templated":true}]}}